{"id":101,"date":"2022-08-19T22:38:35","date_gmt":"2022-08-19T19:38:35","guid":{"rendered":"https:\/\/kompiuteriu-kursai.lt\/?page_id=101"},"modified":"2022-10-25T18:57:00","modified_gmt":"2022-10-25T15:57:00","slug":"privatumo-politika","status":"publish","type":"page","link":"https:\/\/kompiuteriu-kursai.lt\/?page_id=101","title":{"rendered":"privatumo politika"},"content":{"rendered":"\n<p><\/p>\n\n\n\n<p>\u0160ioje Privatumo politikoje yra pateikiama esmin\u0117 informacija apie NKKM vykdom\u0105 asmens duomen\u0173 tvarkym\u0105, duomen\u0173 saugojim\u0105, duomen\u0173 subjekt\u0173 teisi\u0173 \u012fgyvendinim\u0105.<\/p>\n\n\n\n<p>Naudodamasis NKKM paslaugomis, pateikdamas savo duomenis, pildydamas registracijos form\u0105 interneto svetain\u0117je, duomen\u0173 subjektas patvirtina, kad susipa\u017eino su \u0161ia Privatumo politika, supranta jos nuostatas ir sutinka jos laikytis.<br><\/p>\n\n\n\n<h2 class=\"wp-block-heading\">Asmens duomen\u0173 tvarkymo kriterijai<\/h2>\n\n\n\n<p>NKKM duomenys tvarkomi tik esant teis\u0117to tvarkymo kriterijams:<\/p>\n\n\n\n<ul class=\"wp-block-list\"><li>siekiant u\u017etikrinti paslaug\u0173 teikim\u0105;<\/li><li>asmens sutikimu;<\/li><li>kai tvarkyti asmens duomenis \u012fpareigoja atitinkami teis\u0117s aktai;<\/li><li>kai asmens duomenis reikia tvarkyti d\u0117l duomen\u0173 valdytojo ar tre\u010dios \u0161alies teis\u0117to intereso.<\/li><\/ul>\n\n\n\n<p>NKKM siekia, kad asmens duomenys b\u016bt\u0173 tvarkomi:<\/p>\n\n\n\n<ul class=\"wp-block-list\"><li>tiksliai, s\u0105\u017einingai ir teis\u0117tai;<\/li><li>tik tokiais tikslais, kuriais buvo renkami;<\/li><li>laikantis teis\u0117s aktuose nustatyt\u0173 ai\u0161ki\u0173 ir skaidri\u0173 asmens duomen\u0173 tvarkymo princip\u0173 ir reikalavim\u0173.<\/li><\/ul>\n\n\n\n<h2 class=\"wp-block-heading\">Asmens duomen\u0173 \u0161altiniai<\/h2>\n\n\n\n<p>NKKM asmens duomenis gauna tiesiogiai i\u0161 duomen\u0173 subjekto, kuris juos pateikia, kai interneto svetain\u0117je u\u017epildo registracijos form\u0105, arba kitu b\u016bdu kreipiasi \u012f NKKM.<\/p>\n\n\n\n<p>Taip pat duomenys gali b\u016bti gaunami i\u0161 vie\u0161ai prieinam\u0173 \u0161altini\u0173 arba gali b\u016bti generuojami, kai asmuo naudojasi paslaugomis, pavyzd\u017eiui, skambina telefonu, siun\u010dia trump\u0105j\u0105 \u017einut\u0119, el. lai\u0161k\u0105.<\/p>\n\n\n\n<h2 class=\"wp-block-heading\">Asmens duomen\u0173 tvarkymo tikslai<\/h2>\n\n\n\n<p>NKKM tvarko duomenis \u0161iais tikslais:<\/p>\n\n\n\n<ul class=\"wp-block-list\"><li>paslaug\u0173 sutar\u010di\u0173 sudarymas ir vykdymas;<\/li><li>u\u017eklaus\u0173 administravimas;<\/li><li>klient\u0173 duomen\u0173 baz\u0117s administravimas;<\/li><li>s\u0105skait\u0173 u\u017e suteiktas paslaugas i\u0161ra\u0161ymas;<\/li><li>pa\u017eym\u0117jim\u0173 apie baigtus mokymus parengimas;<\/li><li>tiesiogin\u0117s rinkodaros tikslais (asmenims, sutikusiems gauti naujienlai\u0161k\u012f, informacijos ir speciali\u0173j\u0173 pasi\u016blym\u0173 teikimas el. pa\u0161tu).<\/li><\/ul>\n\n\n\n<h2 class=\"wp-block-heading\">Tvarkomi asmens duomenys<\/h2>\n\n\n\n<p>NKKM tvarko \u0161iuos j\u016bs\u0173 duomenis:<\/p>\n\n\n\n<ul class=\"wp-block-list\"><li>j\u016bs\u0173 sutikimu, asmens duomenis, kuriuos pateikiate svetain\u0117je www.kompiuteriu-kursai.lt pildydami registracijos form\u0105 (vardas, pavard\u0117, telefono numeris, el. pa\u0161to adresas, \u012fmon\u0117s, kurioje dirba, pavadinimas);<\/li><li>duomenis, kuriuos pateikiate sudarydami paslaug\u0173 teikimo sutart\u012f (vardas, pavard\u0117, adresas, telefono numeris, el. pa\u0161to adresas);<\/li><li>kitus duomenis, kurie yra renkami j\u016bs\u0173 sutikimu, ir kurie i\u0161samiai apibr\u0117\u017eiami tuo metu, kai i\u0161 j\u016bs\u0173 pra\u0161oma sutikimo;<\/li><li>kitus duomenis, kurie gaunami siekiant sudaryti ir (ar) vykdyti su jumis sudaryt\u0105 sutart\u012f.<\/li><\/ul>\n\n\n\n<h2 class=\"wp-block-heading\">Asmens duomen\u0173 saugojimo terminas<\/h2>\n\n\n\n<p>J\u016bs\u0173 asmens duomenis NKKM saugo ne ilgiau, negu to reikalauja duomen\u0173 tvarkymo tikslai ar numato teis\u0117s aktai, jeigu juose yra nustatytas ilgesnis duomen\u0173 saugojimas. \u012eprastai duomenys tvarkomi 10 met\u0173 nuo j\u0173 tvarkymo prad\u017eios.<\/p>\n\n\n\n<h2 class=\"wp-block-heading\">Tvarkom\u0173 duomen\u0173 teikimas kitiems subjektams<\/h2>\n\n\n\n<p>J\u016bs\u0173 duomenis NKKM gali teikti:<\/p>\n\n\n\n<ul class=\"wp-block-list\"><li>jums sutikus, ai\u0161kiai apibr\u0117\u017etiems duomen\u0173 gav\u0117jams;<\/li><li>\u012fstaigoms ar organizacijoms pagal teis\u0117s akt\u0173 reikalavimus;<\/li><li>kitiems tretiesiems asmenims j\u016bs\u0173 sutikimu, kuris gali b\u016bti gautas konkre\u010diu atveju.<\/li><\/ul>\n\n\n\n<h2 class=\"wp-block-heading\">Duomen\u0173 saugumo u\u017etikrinimas<\/h2>\n\n\n\n<p>\u012emon\u0117 \u012fgyvendina tinkamas organizacines ir technines duomen\u0173 saugumo priemones, skirtas apsaugoti asmens duomenis nuo atsitiktinio ar neteis\u0117to sunaikinimo, pakeitimo, atskleidimo, taip pat nuo bet kokio kito neteis\u0117to tvarkymo. Visi asmens duomenys ir kita duomen\u0173 subjekto pateikta informacija laikoma konfidencialia.<\/p>\n\n\n\n<p>Prieig\u0105 prie asmens duomen\u0173 turi tik tie NKKM darbuotojai, kuriems ji b\u016btina darbo funkcijoms vykdyti arba paslaugoms teikti.<\/p>\n\n\n\n<h2 class=\"wp-block-heading\">Duomen\u0173 subjekt\u0173 teis\u0117s<\/h2>\n\n\n\n<p>J\u016bs turite teis\u0119 kreiptis \u012f NKKM su pra\u0161ymu:<\/p>\n\n\n\n<ul class=\"wp-block-list\"><li>suteikti informacij\u0105 apie NKKM tvarkomus j\u016bs\u0173 asmens duomenis;<\/li><li>i\u0161taisyti ar sunaikinti j\u016bs\u0173 asmens duomenis, kai j\u016bs nustatote, kad duomenys yra neteisingi, nei\u0161sam\u016bs ar netiksl\u016bs;<\/li><li>sustabdyti j\u016bs\u0173 asmens duomen\u0173 tvarkym\u0105, jeigu j\u016bs nustatote, kad asmens duomenys yra tvarkomi neteis\u0117tai arba nes\u0105\u017einingai;<\/li><li>nesutikti, kad toliau b\u016bt\u0173 tvarkomi j\u016bs\u0173 asmens duomenys;<\/li><li>apriboti j\u016bs\u0173 duomen\u0173 tvarkym\u0105, jeigu asmens duomen\u0173 tvarkymas yra neteis\u0117tas;<\/li><li>i\u0161trinti j\u016bs\u0173 duomenis, kai asmens duomenys buvo tvarkomi neteis\u0117tai arba asmens duomenys neb\u0117ra reikalingi, kad b\u016bt\u0173 pasiekti tikslai, kuriais jie buvo renkami arba tvarkomi.<\/li><\/ul>\n\n\n\n<p>Duomen\u0173 subjektai ir kiti suinteresuoti asmenys visais asmens duomen\u0173 apsaugos klausimais gali kreiptis \u012f NKKM \u0161iais kontaktais:<\/p>\n\n\n\n<p>El. pa\u0161tu <a href=\"mailto:info@nkkm.lt\"><\/a><a href=\"mailto:info@nkkm.lt\">info@nkkm.lt<\/a><br>Tel. 8 605 59 803<br>Pa\u0161tu Verki\u0173 g. 31C, 09108 Vilnius<\/p>\n\n\n\n<p>Nepavykus i\u0161spr\u0119sti klausimo su NKKM ir jeigu jums kelia susir\u016bpinim\u0105 NKKM veikimas\/ neveikimas, kuriuo galimai nesilaikoma \u0161ios Privatumo politikos arba teis\u0117s akt\u0173 reikalavim\u0173, turite teis\u0119 kreiptis \u012f Prie\u017ei\u016br\u0105 atliekan\u010di\u0105 institucij\u0105 \u2013 Valstybin\u0119 duomen\u0173 apsaugos inspekcij\u0105, kuri atsakinga u\u017e asmens duomen\u0173 apsaug\u0105 reglamentuojan\u010di\u0173 teis\u0117s akt\u0173 prie\u017ei\u016br\u0105 ir kontrol\u0119.<\/p>\n","protected":false},"excerpt":{"rendered":"<p>\u0160ioje Privatumo politikoje yra pateikiama esmin\u0117 informacija apie NKKM vykdom\u0105 asmens duomen\u0173 tvarkym\u0105, duomen\u0173 saugojim\u0105, duomen\u0173 subjekt\u0173 teisi\u0173 \u012fgyvendinim\u0105. Naudodamasis NKKM paslaugomis, pateikdamas savo duomenis, pildydamas registracijos form\u0105 interneto svetain\u0117je, duomen\u0173 subjektas patvirtina, kad susipa\u017eino su \u0161ia Privatumo politika, supranta jos nuostatas ir sutinka jos laikytis. Asmens duomen\u0173 tvarkymo kriterijai NKKM duomenys tvarkomi tik esant [&hellip;]<\/p>\n","protected":false},"author":1,"featured_media":0,"parent":0,"menu_order":0,"comment_status":"closed","ping_status":"closed","template":"","meta":{"footnotes":""},"class_list":["post-101","page","type-page","status-publish","hentry"],"aioseo_notices":[],"_links":{"self":[{"href":"https:\/\/kompiuteriu-kursai.lt\/index.php?rest_route=\/wp\/v2\/pages\/101","targetHints":{"allow":["GET"]}}],"collection":[{"href":"https:\/\/kompiuteriu-kursai.lt\/index.php?rest_route=\/wp\/v2\/pages"}],"about":[{"href":"https:\/\/kompiuteriu-kursai.lt\/index.php?rest_route=\/wp\/v2\/types\/page"}],"author":[{"embeddable":true,"href":"https:\/\/kompiuteriu-kursai.lt\/index.php?rest_route=\/wp\/v2\/users\/1"}],"replies":[{"embeddable":true,"href":"https:\/\/kompiuteriu-kursai.lt\/index.php?rest_route=%2Fwp%2Fv2%2Fcomments&post=101"}],"version-history":[{"count":5,"href":"https:\/\/kompiuteriu-kursai.lt\/index.php?rest_route=\/wp\/v2\/pages\/101\/revisions"}],"predecessor-version":[{"id":2424,"href":"https:\/\/kompiuteriu-kursai.lt\/index.php?rest_route=\/wp\/v2\/pages\/101\/revisions\/2424"}],"wp:attachment":[{"href":"https:\/\/kompiuteriu-kursai.lt\/index.php?rest_route=%2Fwp%2Fv2%2Fmedia&parent=101"}],"curies":[{"name":"wp","href":"https:\/\/api.w.org\/{rel}","templated":true}]}}