{"id":105,"date":"2022-08-19T22:43:19","date_gmt":"2022-08-19T22:43:19","guid":{"rendered":"https:\/\/kompiuteriu-kursai.lt\/?page_id=105"},"modified":"2024-09-03T14:44:30","modified_gmt":"2024-09-03T11:44:30","slug":"rekvizitai","status":"publish","type":"page","link":"https:\/\/kompiuteriu-kursai.lt\/?page_id=105","title":{"rendered":"rekvizitai"},"content":{"rendered":"\n<p><\/p>\n\n\n\n<p><br>V\u0161\u012e Naujos kartos kompiuteri\u0173 mokykla<br>Verki\u0173 g. 31C, Vilnius 09108<br>\u012e.k. 193093156<br>a\/s LT657044060001144498 <br>AB SEB Vilniaus bankas<br>Banko kodas 70440<\/p>\n","protected":false},"excerpt":{"rendered":"<p>V\u0161\u012e Naujos kartos kompiuteri\u0173 mokyklaVerki\u0173 g. 31C, Vilnius 09108\u012e.k. 193093156a\/s LT657044060001144498 AB SEB Vilniaus bankasBanko kodas 70440<\/p>\n","protected":false},"author":1,"featured_media":0,"parent":0,"menu_order":0,"comment_status":"closed","ping_status":"closed","template":"","meta":{"footnotes":""},"class_list":["post-105","page","type-page","status-publish","hentry"],"aioseo_notices":[],"_links":{"self":[{"href":"https:\/\/kompiuteriu-kursai.lt\/index.php?rest_route=\/wp\/v2\/pages\/105","targetHints":{"allow":["GET"]}}],"collection":[{"href":"https:\/\/kompiuteriu-kursai.lt\/index.php?rest_route=\/wp\/v2\/pages"}],"about":[{"href":"https:\/\/kompiuteriu-kursai.lt\/index.php?rest_route=\/wp\/v2\/types\/page"}],"author":[{"embeddable":true,"href":"https:\/\/kompiuteriu-kursai.lt\/index.php?rest_route=\/wp\/v2\/users\/1"}],"replies":[{"embeddable":true,"href":"https:\/\/kompiuteriu-kursai.lt\/index.php?rest_route=%2Fwp%2Fv2%2Fcomments&post=105"}],"version-history":[{"count":12,"href":"https:\/\/kompiuteriu-kursai.lt\/index.php?rest_route=\/wp\/v2\/pages\/105\/revisions"}],"predecessor-version":[{"id":4601,"href":"https:\/\/kompiuteriu-kursai.lt\/index.php?rest_route=\/wp\/v2\/pages\/105\/revisions\/4601"}],"wp:attachment":[{"href":"https:\/\/kompiuteriu-kursai.lt\/index.php?rest_route=%2Fwp%2Fv2%2Fmedia&parent=105"}],"curies":[{"name":"wp","href":"https:\/\/api.w.org\/{rel}","templated":true}]}}