{"id":1174,"date":"2022-09-06T09:02:09","date_gmt":"2022-09-06T06:02:09","guid":{"rendered":"https:\/\/kompiuteriu-kursai.lt\/?page_id=1174"},"modified":"2022-09-29T20:44:56","modified_gmt":"2022-09-29T17:44:56","slug":"kursu-apmokejimas","status":"publish","type":"page","link":"https:\/\/kompiuteriu-kursai.lt\/?page_id=1174","title":{"rendered":"kurs\u0173 apmok\u0117jimas"},"content":{"rendered":"\n<p><\/p>\n\n\n\n<ul class=\"wp-block-list\"><li><strong>Banko pavedimu<\/strong><br>V\u0161\u012e Nataljos Kazakovos kompiuteri\u0173 mokykla<br>\u012e.k. 193093156<br>a\/s LT657044060001144498<br>AB SEB Vilniaus bankas<br>Banko kodas 70440 <\/li><li><strong>Grynais pinigais filialo administratoriui<\/strong><\/li><\/ul>\n","protected":false},"excerpt":{"rendered":"<p>Banko pavedimuV\u0161\u012e Nataljos Kazakovos kompiuteri\u0173 mokykla\u012e.k. 193093156a\/s LT657044060001144498AB SEB Vilniaus bankasBanko kodas 70440 Grynais pinigais filialo administratoriui<\/p>\n","protected":false},"author":1,"featured_media":0,"parent":0,"menu_order":0,"comment_status":"closed","ping_status":"closed","template":"","meta":{"footnotes":""},"class_list":["post-1174","page","type-page","status-publish","hentry"],"aioseo_notices":[],"_links":{"self":[{"href":"https:\/\/kompiuteriu-kursai.lt\/index.php?rest_route=\/wp\/v2\/pages\/1174","targetHints":{"allow":["GET"]}}],"collection":[{"href":"https:\/\/kompiuteriu-kursai.lt\/index.php?rest_route=\/wp\/v2\/pages"}],"about":[{"href":"https:\/\/kompiuteriu-kursai.lt\/index.php?rest_route=\/wp\/v2\/types\/page"}],"author":[{"embeddable":true,"href":"https:\/\/kompiuteriu-kursai.lt\/index.php?rest_route=\/wp\/v2\/users\/1"}],"replies":[{"embeddable":true,"href":"https:\/\/kompiuteriu-kursai.lt\/index.php?rest_route=%2Fwp%2Fv2%2Fcomments&post=1174"}],"version-history":[{"count":3,"href":"https:\/\/kompiuteriu-kursai.lt\/index.php?rest_route=\/wp\/v2\/pages\/1174\/revisions"}],"predecessor-version":[{"id":1897,"href":"https:\/\/kompiuteriu-kursai.lt\/index.php?rest_route=\/wp\/v2\/pages\/1174\/revisions\/1897"}],"wp:attachment":[{"href":"https:\/\/kompiuteriu-kursai.lt\/index.php?rest_route=%2Fwp%2Fv2%2Fmedia&parent=1174"}],"curies":[{"name":"wp","href":"https:\/\/api.w.org\/{rel}","templated":true}]}}