{"id":165,"date":"2022-08-22T02:41:06","date_gmt":"2022-08-21T23:41:06","guid":{"rendered":"https:\/\/kompiuteriu-kursai.lt\/?page_id=165"},"modified":"2024-09-23T20:04:48","modified_gmt":"2024-09-23T17:04:48","slug":"tvarkarastis-kompiuteriu-naudotojams","status":"publish","type":"page","link":"https:\/\/kompiuteriu-kursai.lt\/?page_id=165","title":{"rendered":"tvarkara\u0161tis"},"content":{"rendered":"\n<p><\/p>\n\n\n\n<div class=\"wp-block-columns is-layout-flex wp-container-core-columns-is-layout-9d6595d7 wp-block-columns-is-layout-flex\">\n<div class=\"wp-block-column is-layout-flow wp-block-column-is-layout-flow\">\n<h3 class=\"has-text-align-center\" style=\"letter-spacing:2px;text-transform:uppercase\"> Kompiuteri\u0173 naudotojams <\/h3>\n<\/div>\n\n\n\n<div class=\"wp-block-column is-layout-flow wp-block-column-is-layout-flow\">\n<h3 class=\"has-text-align-center\" style=\"letter-spacing:2px; text-transform:uppercase\"><a href=\"?page_id=336\" class=\"underline\">IT specialistams<\/a> <\/h3>\n<\/div>\n<\/div>\n\n\n\n<p style=\"font-style:normal;font-weight:300\"><br><strong>Naudingas pasi\u016blymas grup\u0117ms<\/strong>:\u00a0\u0161e\u0161i\u0173 ir didesnei dalyvi\u0173 grupei i\u0161 vienos \u012fmon\u0117s si\u016blomos ypatingos s\u0105lygos.<br>Antr\u0105 kart\u0105 atvykusiems \u012f mokymus taikysime\u00a0<strong>10 % nuolaid\u0105<\/strong>.<\/p>\n\n\n\n<div class='jtrt_table_MotherShipContainer'><div class='jtTableContainer jtrespo-stack highlightRows ' data-jtrt-stack-width='550'><div class='jtsettingcontainer' style='display:none;position:absolute;left:-9999px;'><textarea data-jtrt-table-id='1964' id='jtrt_table_settings_1964' cols='30' rows='10'>[[[\"Pavadinimas\",\"Trukm\\u0117, akad.val.\",\"Numatoma data\",\"Prad\\u017eia\",\"M\\u0117nuo\",\"Kaina, Eur\",\"Registracija\"],[\"<em class=\\\"kursas\\\">Kursas<\\\/em><br><a href=\\\"?p=247\\\"> MS Access pa\\u017eengusiems: profesionalus duomen\\u0173 bazi\\u0173 valdymas <\\\/a> <em class=\\\"grupe\\\">Nuotoliniai mokymai<\\\/em> \",\"20\",\"2025-10-14\",\"09:00\",\"spalis\",\"250\",\"<a href=\\\"?p=1703\\\">Registruotis<\\\/a>\"],[\"<em class=\\\"kursas\\\">Seminaras<\\\/em> <br><a href=\\\"?p=208\\\">Didel\\u0117s ir ma\\u017eos Excel gudryb\\u0117s<\\\/a> <em class=\\\"grupe\\\">Auditoriniai \\\/ nuotoliniai mokymai<\\\/em> \",\"4\",\"2025-10-20\",\"09:00\",\"spalis\",\"60\",\"<a href=\\\"?p=1681\\\">Registruotis<\\\/a>\"],[\"<em class=\\\"kursas\\\">Seminaras<\\\/em> <br><a href=\\\"?p=200\\\">MS Excel: formuli\\u0173 ir funkcij\\u0173 naudojimas<\\\/a> <em class=\\\"grupe\\\">Auditoriniai \\\/ nuotoliniai mokymai<\\\/em> \",\"4\",\"2025-11-03\",\"09:00\",\"lapkritis\",\"60\",\"<a href=\\\"?p=2636\\\">Registruotis<\\\/a>\"],[\"<em class=\\\"kursas\\\">Kursas<\\\/em><br><a href=\\\"?p=222\\\">MS Excel: darbo su skai\\u010diuokle pradmenys <\\\/a><em class=\\\"grupe\\\">Auditoriniai mokymai<\\\/em> \",\"8\",\"2025-11-04\",\"09:00\",\"lapkritis\",\"90\",\"<a href=\\\"?p=1723\\\">Registruotis<\\\/a>\"],[\"<em class=\\\"kursas\\\">Seminaras<\\\/em> <br><a href=\\\"?p=210\\\">MS Excel Pivot Tables efektyviai duomen\\u0173 analizei<\\\/a> <em class=\\\"grupe\\\">Auditoriniai \\\/ nuotoliniai mokymai<\\\/em> \",\"4\",\"2025-11-05\",\"09:00\",\"lapkritis\",\"60\",\"<a href=\\\"?p=1715\\\">Registruotis<\\\/a>\"],[\"<em class=\\\"kursas\\\">Kursas<\\\/em><br><a href=\\\"?p=233\\\">MS Project: projekt\\u0173 planavimas ir valdymas<\\\/a> <em class=\\\"grupe\\\">Auditoriniai \\\/ nuotoliniai mokymai<\\\/em> \",\"10\",\"2025-11-17\",\"09:00\",\"lapkritis\",\"250\",\"<a href=\\\"?p=1677\\\">Registruotis<\\\/a>\"],[\"<em class=\\\"kursas\\\">Kursas<\\\/em><br><a href=\\\"?p=245\\\">MS PowerPoint: profesionalios prezentacijos k\\u016brimas<\\\/a> <em class=\\\"grupe\\\">Auditoriniai \\\/ nuotoliniai mokymai<\\\/em> \",\"10\",\"2025-11-12\",\"09:00\",\"lapkritis\",\"130\",\"<a href=\\\"?p=1644\\\">Registruotis<\\\/a>\"],[\"<em class=\\\"kursas\\\">Kursas<\\\/em><br><a href=\\\"?p=225\\\">MS Excel: specialisto lygmuo pagal MOS sertifikavimo program\\u0105<\\\/a> <em class=\\\"grupe\\\">Auditoriniai \\\/ nuotoliniai mokymai<\\\/em> \",\"16\",\"2025-11-28\",\"09:00\",\"lapkritis\",\"145\",\"<a href=\\\"?p=154\\\">Registruotis<\\\/a>\"],[\"Pavadinimas\",\"Trukm\\u0117, akad.val.\",\"Numatoma data\",\"Prad\\u017eia\",\"M\\u0117nuo\",\"Kaina, Eur\",\"Registracija\"]],[{\"row\":0,\"col\":0,\"visualRow\":0,\"visualCol\":0,\"prop\":0},{\"row\":0,\"col\":1,\"visualRow\":0,\"visualCol\":1,\"prop\":1,\"className\":\"htCenter\"},{\"row\":0,\"col\":2,\"visualRow\":0,\"visualCol\":2,\"prop\":2},{\"row\":0,\"col\":3,\"visualRow\":0,\"visualCol\":3,\"prop\":3},{\"row\":0,\"col\":4,\"visualRow\":0,\"visualCol\":4,\"prop\":4},{\"row\":0,\"col\":5,\"visualRow\":0,\"visualCol\":5,\"prop\":5,\"className\":\"htCenter\"},{\"row\":0,\"col\":6,\"visualRow\":0,\"visualCol\":6,\"prop\":6},{\"row\":1,\"col\":0,\"visualRow\":1,\"visualCol\":0,\"prop\":0},{\"row\":1,\"col\":1,\"visualRow\":1,\"visualCol\":1,\"prop\":1,\"className\":\"htCenter\"},{\"row\":1,\"col\":2,\"visualRow\":1,\"visualCol\":2,\"prop\":2,\"className\":\"htLeft\"},{\"row\":1,\"col\":3,\"visualRow\":1,\"visualCol\":3,\"prop\":3,\"className\":\"htCenter\"},{\"row\":1,\"col\":4,\"visualRow\":1,\"visualCol\":4,\"prop\":4,\"className\":\"htLeft\"},{\"row\":1,\"col\":5,\"visualRow\":1,\"visualCol\":5,\"prop\":5,\"className\":\"htCenter\"},{\"row\":1,\"col\":6,\"visualRow\":1,\"visualCol\":6,\"prop\":6},{\"row\":2,\"col\":0,\"visualRow\":2,\"visualCol\":0,\"prop\":0},{\"row\":2,\"col\":1,\"visualRow\":2,\"visualCol\":1,\"prop\":1,\"className\":\"htCenter\"},{\"row\":2,\"col\":2,\"visualRow\":2,\"visualCol\":2,\"prop\":2},{\"row\":2,\"col\":3,\"visualRow\":2,\"visualCol\":3,\"prop\":3,\"className\":\"htCenter\"},{\"row\":2,\"col\":4,\"visualRow\":2,\"visualCol\":4,\"prop\":4},{\"row\":2,\"col\":5,\"visualRow\":2,\"visualCol\":5,\"prop\":5,\"className\":\"htCenter\"},{\"row\":2,\"col\":6,\"visualRow\":2,\"visualCol\":6,\"prop\":6},{\"row\":3,\"col\":0,\"visualRow\":3,\"visualCol\":0,\"prop\":0},{\"row\":3,\"col\":1,\"visualRow\":3,\"visualCol\":1,\"prop\":1,\"className\":\"htCenter\"},{\"row\":3,\"col\":2,\"visualRow\":3,\"visualCol\":2,\"prop\":2},{\"row\":3,\"col\":3,\"visualRow\":3,\"visualCol\":3,\"prop\":3,\"className\":\"htCenter\"},{\"row\":3,\"col\":4,\"visualRow\":3,\"visualCol\":4,\"prop\":4},{\"row\":3,\"col\":5,\"visualRow\":3,\"visualCol\":5,\"prop\":5,\"className\":\"htCenter\"},{\"row\":3,\"col\":6,\"visualRow\":3,\"visualCol\":6,\"prop\":6},{\"row\":4,\"col\":0,\"visualRow\":4,\"visualCol\":0,\"prop\":0},{\"row\":4,\"col\":1,\"visualRow\":4,\"visualCol\":1,\"prop\":1,\"className\":\"htCenter\"},{\"row\":4,\"col\":2,\"visualRow\":4,\"visualCol\":2,\"prop\":2},{\"row\":4,\"col\":3,\"visualRow\":4,\"visualCol\":3,\"prop\":3,\"className\":\"htCenter\"},{\"row\":4,\"col\":4,\"visualRow\":4,\"visualCol\":4,\"prop\":4},{\"row\":4,\"col\":5,\"visualRow\":4,\"visualCol\":5,\"prop\":5,\"className\":\"htCenter\"},{\"row\":4,\"col\":6,\"visualRow\":4,\"visualCol\":6,\"prop\":6},{\"row\":5,\"col\":0,\"visualRow\":5,\"visualCol\":0,\"prop\":0},{\"row\":5,\"col\":1,\"visualRow\":5,\"visualCol\":1,\"prop\":1,\"className\":\"htCenter\"},{\"row\":5,\"col\":2,\"visualRow\":5,\"visualCol\":2,\"prop\":2},{\"row\":5,\"col\":3,\"visualRow\":5,\"visualCol\":3,\"prop\":3,\"className\":\"htCenter\"},{\"row\":5,\"col\":4,\"visualRow\":5,\"visualCol\":4,\"prop\":4},{\"row\":5,\"col\":5,\"visualRow\":5,\"visualCol\":5,\"prop\":5,\"className\":\"htCenter\"},{\"row\":5,\"col\":6,\"visualRow\":5,\"visualCol\":6,\"prop\":6},{\"row\":6,\"col\":0,\"visualRow\":6,\"visualCol\":0,\"prop\":0},{\"row\":6,\"col\":1,\"visualRow\":6,\"visualCol\":1,\"prop\":1,\"className\":\"htCenter\"},{\"row\":6,\"col\":2,\"visualRow\":6,\"visualCol\":2,\"prop\":2},{\"row\":6,\"col\":3,\"visualRow\":6,\"visualCol\":3,\"prop\":3,\"className\":\"htCenter\"},{\"row\":6,\"col\":4,\"visualRow\":6,\"visualCol\":4,\"prop\":4},{\"row\":6,\"col\":5,\"visualRow\":6,\"visualCol\":5,\"prop\":5,\"className\":\"htCenter\"},{\"row\":6,\"col\":6,\"visualRow\":6,\"visualCol\":6,\"prop\":6},{\"row\":7,\"col\":0,\"visualRow\":7,\"visualCol\":0,\"prop\":0},{\"row\":7,\"col\":1,\"visualRow\":7,\"visualCol\":1,\"prop\":1,\"className\":\"htCenter\"},{\"row\":7,\"col\":2,\"visualRow\":7,\"visualCol\":2,\"prop\":2},{\"row\":7,\"col\":3,\"visualRow\":7,\"visualCol\":3,\"prop\":3,\"className\":\"htCenter\"},{\"row\":7,\"col\":4,\"visualRow\":7,\"visualCol\":4,\"prop\":4},{\"row\":7,\"col\":5,\"visualRow\":7,\"visualCol\":5,\"prop\":5,\"className\":\"htCenter\"},{\"row\":7,\"col\":6,\"visualRow\":7,\"visualCol\":6,\"prop\":6},{\"row\":8,\"col\":0,\"visualRow\":8,\"visualCol\":0,\"prop\":0},{\"row\":8,\"col\":1,\"visualRow\":8,\"visualCol\":1,\"prop\":1,\"className\":\"htCenter\"},{\"row\":8,\"col\":2,\"visualRow\":8,\"visualCol\":2,\"prop\":2},{\"row\":8,\"col\":3,\"visualRow\":8,\"visualCol\":3,\"prop\":3,\"className\":\"htCenter\"},{\"row\":8,\"col\":4,\"visualRow\":8,\"visualCol\":4,\"prop\":4},{\"row\":8,\"col\":5,\"visualRow\":8,\"visualCol\":5,\"prop\":5,\"className\":\"htCenter\"},{\"row\":8,\"col\":6,\"visualRow\":8,\"visualCol\":6,\"prop\":6},{\"row\":9,\"col\":0,\"visualRow\":9,\"visualCol\":0,\"prop\":0},{\"row\":9,\"col\":1,\"visualRow\":9,\"visualCol\":1,\"prop\":1,\"className\":\"htCenter\"},{\"row\":9,\"col\":2,\"visualRow\":9,\"visualCol\":2,\"prop\":2},{\"row\":9,\"col\":3,\"visualRow\":9,\"visualCol\":3,\"prop\":3,\"className\":\"htCenter\"},{\"row\":9,\"col\":4,\"visualRow\":9,\"visualCol\":4,\"prop\":4},{\"row\":9,\"col\":5,\"visualRow\":9,\"visualCol\":5,\"prop\":5,\"className\":\"htCenter\"},{\"row\":9,\"col\":6,\"visualRow\":9,\"visualCol\":6,\"prop\":6}],[],[]]<\/textarea><textarea data-jtrt-table-id='1964' id='jtrt_table_bps_1964' cols='30' rows='10'>[]<\/textarea><\/div><table id='jtrt_table_1964' data-sorting='false' data-paging='false' data-paging-size='50' data-paging-menu='10,20,50,100' data-filtering='true' data-jtrt-table-id='1964' class='jtrt-table  ' ><thead><tr><th>Pavadinimas<\/th><th>Trukm\u0117, akad.val.<\/th><th>Numatoma data<\/th><th>Prad\u017eia<\/th><th>M\u0117nuo<\/th><th>Kaina, Eur<\/th><th>Registracija<\/th><\/tr><\/thead><tbody><tr><td><span class='stackedheadtitlejt' style='font-weight:bold;'>Pavadinimas:<\/span><br><em class=\"kursas\">Kursas<\/em><br><a href=\"?p=247\"> MS Access pa\u017eengusiems: profesionalus duomen\u0173 bazi\u0173 valdymas <\/a> <em class=\"grupe\">Nuotoliniai mokymai<\/em> <\/td><td><span class='stackedheadtitlejt' style='font-weight:bold;'>Trukm\u0117, akad.val.:<\/span><br>20<\/td><td><span class='stackedheadtitlejt' style='font-weight:bold;'>Numatoma data:<\/span><br>2025-10-14<\/td><td><span class='stackedheadtitlejt' style='font-weight:bold;'>Prad\u017eia:<\/span><br>09:00<\/td><td><span class='stackedheadtitlejt' style='font-weight:bold;'>M\u0117nuo:<\/span><br>spalis<\/td><td><span class='stackedheadtitlejt' style='font-weight:bold;'>Kaina, Eur:<\/span><br>250<\/td><td><span class='stackedheadtitlejt' style='font-weight:bold;'>Registracija:<\/span><br><a href=\"?p=1703\">Registruotis<\/a><\/td><\/tr><tr><td><span class='stackedheadtitlejt' style='font-weight:bold;'>Pavadinimas:<\/span><br><em class=\"kursas\">Seminaras<\/em> <br><a href=\"?p=208\">Didel\u0117s ir ma\u017eos Excel gudryb\u0117s<\/a> <em class=\"grupe\">Auditoriniai \/ nuotoliniai mokymai<\/em> <\/td><td><span class='stackedheadtitlejt' style='font-weight:bold;'>Trukm\u0117, akad.val.:<\/span><br>4<\/td><td><span class='stackedheadtitlejt' style='font-weight:bold;'>Numatoma data:<\/span><br>2025-10-20<\/td><td><span class='stackedheadtitlejt' style='font-weight:bold;'>Prad\u017eia:<\/span><br>09:00<\/td><td><span class='stackedheadtitlejt' style='font-weight:bold;'>M\u0117nuo:<\/span><br>spalis<\/td><td><span class='stackedheadtitlejt' style='font-weight:bold;'>Kaina, Eur:<\/span><br>60<\/td><td><span class='stackedheadtitlejt' style='font-weight:bold;'>Registracija:<\/span><br><a href=\"?p=1681\">Registruotis<\/a><\/td><\/tr><tr><td><span class='stackedheadtitlejt' style='font-weight:bold;'>Pavadinimas:<\/span><br><em class=\"kursas\">Seminaras<\/em> <br><a href=\"?p=200\">MS Excel: formuli\u0173 ir funkcij\u0173 naudojimas<\/a> <em class=\"grupe\">Auditoriniai \/ nuotoliniai mokymai<\/em> <\/td><td><span class='stackedheadtitlejt' style='font-weight:bold;'>Trukm\u0117, akad.val.:<\/span><br>4<\/td><td><span class='stackedheadtitlejt' style='font-weight:bold;'>Numatoma data:<\/span><br>2025-11-03<\/td><td><span class='stackedheadtitlejt' style='font-weight:bold;'>Prad\u017eia:<\/span><br>09:00<\/td><td><span class='stackedheadtitlejt' style='font-weight:bold;'>M\u0117nuo:<\/span><br>lapkritis<\/td><td><span class='stackedheadtitlejt' style='font-weight:bold;'>Kaina, Eur:<\/span><br>60<\/td><td><span class='stackedheadtitlejt' style='font-weight:bold;'>Registracija:<\/span><br><a href=\"?p=2636\">Registruotis<\/a><\/td><\/tr><tr><td><span class='stackedheadtitlejt' style='font-weight:bold;'>Pavadinimas:<\/span><br><em class=\"kursas\">Kursas<\/em><br><a href=\"?p=222\">MS Excel: darbo su skai\u010diuokle pradmenys <\/a><em class=\"grupe\">Auditoriniai mokymai<\/em> <\/td><td><span class='stackedheadtitlejt' style='font-weight:bold;'>Trukm\u0117, akad.val.:<\/span><br>8<\/td><td><span class='stackedheadtitlejt' style='font-weight:bold;'>Numatoma data:<\/span><br>2025-11-04<\/td><td><span class='stackedheadtitlejt' style='font-weight:bold;'>Prad\u017eia:<\/span><br>09:00<\/td><td><span class='stackedheadtitlejt' style='font-weight:bold;'>M\u0117nuo:<\/span><br>lapkritis<\/td><td><span class='stackedheadtitlejt' style='font-weight:bold;'>Kaina, Eur:<\/span><br>90<\/td><td><span class='stackedheadtitlejt' style='font-weight:bold;'>Registracija:<\/span><br><a href=\"?p=1723\">Registruotis<\/a><\/td><\/tr><tr><td><span class='stackedheadtitlejt' style='font-weight:bold;'>Pavadinimas:<\/span><br><em class=\"kursas\">Seminaras<\/em> <br><a href=\"?p=210\">MS Excel Pivot Tables efektyviai duomen\u0173 analizei<\/a> <em class=\"grupe\">Auditoriniai \/ nuotoliniai mokymai<\/em> <\/td><td><span class='stackedheadtitlejt' style='font-weight:bold;'>Trukm\u0117, akad.val.:<\/span><br>4<\/td><td><span class='stackedheadtitlejt' style='font-weight:bold;'>Numatoma data:<\/span><br>2025-11-05<\/td><td><span class='stackedheadtitlejt' style='font-weight:bold;'>Prad\u017eia:<\/span><br>09:00<\/td><td><span class='stackedheadtitlejt' style='font-weight:bold;'>M\u0117nuo:<\/span><br>lapkritis<\/td><td><span class='stackedheadtitlejt' style='font-weight:bold;'>Kaina, Eur:<\/span><br>60<\/td><td><span class='stackedheadtitlejt' style='font-weight:bold;'>Registracija:<\/span><br><a href=\"?p=1715\">Registruotis<\/a><\/td><\/tr><tr><td><span class='stackedheadtitlejt' style='font-weight:bold;'>Pavadinimas:<\/span><br><em class=\"kursas\">Kursas<\/em><br><a href=\"?p=233\">MS Project: projekt\u0173 planavimas ir valdymas<\/a> <em class=\"grupe\">Auditoriniai \/ nuotoliniai mokymai<\/em> <\/td><td><span class='stackedheadtitlejt' style='font-weight:bold;'>Trukm\u0117, akad.val.:<\/span><br>10<\/td><td><span class='stackedheadtitlejt' style='font-weight:bold;'>Numatoma data:<\/span><br>2025-11-17<\/td><td><span class='stackedheadtitlejt' style='font-weight:bold;'>Prad\u017eia:<\/span><br>09:00<\/td><td><span class='stackedheadtitlejt' style='font-weight:bold;'>M\u0117nuo:<\/span><br>lapkritis<\/td><td><span class='stackedheadtitlejt' style='font-weight:bold;'>Kaina, Eur:<\/span><br>250<\/td><td><span class='stackedheadtitlejt' style='font-weight:bold;'>Registracija:<\/span><br><a href=\"?p=1677\">Registruotis<\/a><\/td><\/tr><tr><td><span class='stackedheadtitlejt' style='font-weight:bold;'>Pavadinimas:<\/span><br><em class=\"kursas\">Kursas<\/em><br><a href=\"?p=245\">MS PowerPoint: profesionalios prezentacijos k\u016brimas<\/a> <em class=\"grupe\">Auditoriniai \/ nuotoliniai mokymai<\/em> <\/td><td><span class='stackedheadtitlejt' style='font-weight:bold;'>Trukm\u0117, akad.val.:<\/span><br>10<\/td><td><span class='stackedheadtitlejt' style='font-weight:bold;'>Numatoma data:<\/span><br>2025-11-12<\/td><td><span class='stackedheadtitlejt' style='font-weight:bold;'>Prad\u017eia:<\/span><br>09:00<\/td><td><span class='stackedheadtitlejt' style='font-weight:bold;'>M\u0117nuo:<\/span><br>lapkritis<\/td><td><span class='stackedheadtitlejt' style='font-weight:bold;'>Kaina, Eur:<\/span><br>130<\/td><td><span class='stackedheadtitlejt' style='font-weight:bold;'>Registracija:<\/span><br><a href=\"?p=1644\">Registruotis<\/a><\/td><\/tr><tr><td><span class='stackedheadtitlejt' style='font-weight:bold;'>Pavadinimas:<\/span><br><em class=\"kursas\">Kursas<\/em><br><a href=\"?p=225\">MS Excel: specialisto lygmuo pagal MOS sertifikavimo program\u0105<\/a> <em class=\"grupe\">Auditoriniai \/ nuotoliniai mokymai<\/em> <\/td><td><span class='stackedheadtitlejt' style='font-weight:bold;'>Trukm\u0117, akad.val.:<\/span><br>16<\/td><td><span class='stackedheadtitlejt' style='font-weight:bold;'>Numatoma data:<\/span><br>2025-11-28<\/td><td><span class='stackedheadtitlejt' style='font-weight:bold;'>Prad\u017eia:<\/span><br>09:00<\/td><td><span class='stackedheadtitlejt' style='font-weight:bold;'>M\u0117nuo:<\/span><br>lapkritis<\/td><td><span class='stackedheadtitlejt' style='font-weight:bold;'>Kaina, Eur:<\/span><br>145<\/td><td><span class='stackedheadtitlejt' style='font-weight:bold;'>Registracija:<\/span><br><a href=\"?p=154\">Registruotis<\/a><\/td><\/tr><tr><td><span class='stackedheadtitlejt' style='font-weight:bold;'>Pavadinimas:<\/span><br>Pavadinimas<\/td><td><span class='stackedheadtitlejt' style='font-weight:bold;'>Trukm\u0117, akad.val.:<\/span><br>Trukm\u0117, akad.val.<\/td><td><span class='stackedheadtitlejt' style='font-weight:bold;'>Numatoma data:<\/span><br>Numatoma data<\/td><td><span class='stackedheadtitlejt' style='font-weight:bold;'>Prad\u017eia:<\/span><br>Prad\u017eia<\/td><td><span class='stackedheadtitlejt' style='font-weight:bold;'>M\u0117nuo:<\/span><br>M\u0117nuo<\/td><td><span class='stackedheadtitlejt' style='font-weight:bold;'>Kaina, Eur:<\/span><br>Kaina, Eur<\/td><td><span class='stackedheadtitlejt' style='font-weight:bold;'>Registracija:<\/span><br>Registracija<\/td><\/tr><\/tbody><\/table><\/div><\/div>\n","protected":false},"excerpt":{"rendered":"<p>Kompiuteri\u0173 naudotojams IT specialistams Naudingas pasi\u016blymas grup\u0117ms:\u00a0\u0161e\u0161i\u0173 ir didesnei dalyvi\u0173 grupei i\u0161 vienos \u012fmon\u0117s si\u016blomos ypatingos s\u0105lygos.Antr\u0105 kart\u0105 atvykusiems \u012f mokymus taikysime\u00a010 % nuolaid\u0105.<\/p>\n","protected":false},"author":1,"featured_media":0,"parent":0,"menu_order":0,"comment_status":"closed","ping_status":"closed","template":"","meta":{"footnotes":""},"class_list":["post-165","page","type-page","status-publish","hentry"],"aioseo_notices":[],"_links":{"self":[{"href":"https:\/\/kompiuteriu-kursai.lt\/index.php?rest_route=\/wp\/v2\/pages\/165","targetHints":{"allow":["GET"]}}],"collection":[{"href":"https:\/\/kompiuteriu-kursai.lt\/index.php?rest_route=\/wp\/v2\/pages"}],"about":[{"href":"https:\/\/kompiuteriu-kursai.lt\/index.php?rest_route=\/wp\/v2\/types\/page"}],"author":[{"embeddable":true,"href":"https:\/\/kompiuteriu-kursai.lt\/index.php?rest_route=\/wp\/v2\/users\/1"}],"replies":[{"embeddable":true,"href":"https:\/\/kompiuteriu-kursai.lt\/index.php?rest_route=%2Fwp%2Fv2%2Fcomments&post=165"}],"version-history":[{"count":77,"href":"https:\/\/kompiuteriu-kursai.lt\/index.php?rest_route=\/wp\/v2\/pages\/165\/revisions"}],"predecessor-version":[{"id":4640,"href":"https:\/\/kompiuteriu-kursai.lt\/index.php?rest_route=\/wp\/v2\/pages\/165\/revisions\/4640"}],"wp:attachment":[{"href":"https:\/\/kompiuteriu-kursai.lt\/index.php?rest_route=%2Fwp%2Fv2%2Fmedia&parent=165"}],"curies":[{"name":"wp","href":"https:\/\/api.w.org\/{rel}","templated":true}]}}