{"id":214,"date":"2022-08-22T03:22:49","date_gmt":"2022-08-22T03:22:49","guid":{"rendered":"https:\/\/kompiuteriu-kursai.lt\/?page_id=214"},"modified":"2024-01-24T23:27:18","modified_gmt":"2024-01-24T20:27:18","slug":"kursu-aprasymai","status":"publish","type":"page","link":"https:\/\/kompiuteriu-kursai.lt\/?page_id=214","title":{"rendered":"kursai kompiuteri\u0173 naudotojams"},"content":{"rendered":"\n<p><\/p>\n\n\n\n<h3 class=\"wp-block-heading has-text-align-center\" style=\"letter-spacing:2px;text-transform:uppercase\">seminarai<\/h3>\n\n\n\n<p><br><a href=\"https:\/\/kompiuteriu-kursai.lt\/?p=194\">\u0160iuolaiki\u0161kos interneto svetain\u0117s k\u016brimas su WordPress<\/a><br><a href=\"https:\/\/kompiuteriu-kursai.lt\/?p=196\">MS Visio: diagram\u0173 ir schem\u0173 k\u016brimas<\/a><br><a href=\"https:\/\/kompiuteriu-kursai.lt\/?p=3305\">Duomen\u0173 apdorojimas SPSS programa<\/a><br><a href=\"https:\/\/kompiuteriu-kursai.lt\/kursai-mokymai\/12-mokymai\/144-kasdieninis-darbas-kompiuteriu\"><\/a><a href=\"https:\/\/kompiuteriu-kursai.lt\/?p=235\">MS Outlook: efektyvus lai\u0161k\u0173 tvarkymas ir darbo organizavimas<\/a><br><a href=\"https:\/\/kompiuteriu-kursai.lt\/?p=188\" title=\"\">IT saugumas paprastai<\/a><br><\/p>\n\n\n\n<h4 class=\"wp-block-heading\">Praktini\u0173 seminar\u0173 ciklas \u201eMS Excel programos naudojimo galimyb\u0117s vadybos ir finans\u0173 srityse\u201c:<\/h4>\n\n\n\n<p><a href=\"https:\/\/kompiuteriu-kursai.lt\/?p=200\">Formuli\u0173 ir funkcij\u0173 naudojimas<\/a><br><a href=\"https:\/\/kompiuteriu-kursai.lt\/?p=202\">Dideli\u0173 duomen\u0173 lenteli\u0173 tvarkymas ir ataskait\u0173 ruo\u0161imas<\/a><br><a href=\"https:\/\/kompiuteriu-kursai.lt\/?p=204\">Duomen\u0173 analiz\u0117<\/a><br><a href=\"https:\/\/kompiuteriu-kursai.lt\/?p=206\" data-type=\"post\" data-id=\"206\">Excel diagramos informacijai vizualizuoti<\/a><br><a href=\"https:\/\/kompiuteriu-kursai.lt\/?p=208\">Didel\u0117s ir ma\u017eos Excel gudryb\u0117s<\/a><br><a href=\"https:\/\/kompiuteriu-kursai.lt\/?p=210\">Pivot Tables efektyviai duomen\u0173 analizei<\/a><br><a href=\"https:\/\/kompiuteriu-kursai.lt\/?p=212\">MS Excel makrokomandos ir VBA<\/a><a href=\"https:\/\/kompiuteriu-kursai.lt\/kursai-mokymai\/101-dideliu-duomenu-analize-power-pivot\"><\/a><\/p>\n\n\n\n<h3 class=\"wp-block-heading has-text-align-center\" style=\"letter-spacing:2px;text-transform:uppercase\"><br>kursai<\/h3>\n\n\n\n<h4 class=\"wp-block-heading\">Pradedantiesiems:<\/h4>\n\n\n\n<p><a href=\"https:\/\/kompiuteriu-kursai.lt\/?p=222\">MS Excel: darbo su skai\u010diuokle pradmenys<\/a><br><a href=\"https:\/\/kompiuteriu-kursai.lt\/?p=231\">MS Access pradedantiesiems: duomen\u0173 bazi\u0173 k\u016brimas ir valdymas<\/a><\/p>\n\n\n\n<h4 class=\"wp-block-heading\">Pa\u017eengusiems:<\/h4>\n\n\n\n<p><a href=\"https:\/\/kompiuteriu-kursai.lt\/?p=225\">MS Excel: specialisto lygmuo pagal Microsoft Office Specialist (MOS) sertifikavimo program\u0105<\/a><br><a href=\"https:\/\/kompiuteriu-kursai.lt\/?p=243\">MS Word: profesionalus tekstini\u0173 dokument\u0173 rengimas<\/a><br><a href=\"https:\/\/kompiuteriu-kursai.lt\/?p=245\">MS PowerPoint: profesionalios prezentacijos k\u016brimas<\/a> <br><a href=\"https:\/\/kompiuteriu-kursai.lt\/?p=233\">MS Project: projekt\u0173 planavimas ir valdymas<\/a><\/p>\n\n\n\n<h4 class=\"wp-block-heading\">Norintiems tapti ekspertais:<\/h4>\n\n\n\n<p><a href=\"https:\/\/kompiuteriu-kursai.lt\/?p=239\">MS Excel: eksperto lygmuo pagal Microsoft Office Specialist (MOS) sertifikavimo program\u0105<\/a><br><a href=\"https:\/\/kompiuteriu-kursai.lt\/?p=241\">Programavimas su Visual Basic for Applications (VBA) MS Excel aplinkoje<\/a><br><a href=\"https:\/\/kompiuteriu-kursai.lt\/?p=247\">MS Access pa\u017eengusiems: profesionalus duomen\u0173 bazi\u0173 valdymas<\/a><\/p>\n\n\n\n<h4 class=\"wp-block-heading\">Adobe:<\/h4>\n\n\n\n<p><a href=\"https:\/\/kompiuteriu-kursai.lt\/?p=253\" data-type=\"post\" data-id=\"253\">Adobe Photoshop: grafikos k\u016brimas ir nuotrauk\u0173 redagavimas<\/a><br><a href=\"https:\/\/kompiuteriu-kursai.lt\/?p=255\" data-type=\"post\" data-id=\"255\">Adobe Illustrator: vektorin\u0117s grafikos k\u016brimas<\/a><br><a href=\"https:\/\/kompiuteriu-kursai.lt\/?p=257\" data-type=\"post\" data-id=\"257\">Adobe Animate: vektorin\u0117s grafikos k\u016brimas<\/a><\/p>\n","protected":false},"excerpt":{"rendered":"<p>seminarai \u0160iuolaiki\u0161kos interneto svetain\u0117s k\u016brimas su WordPressMS Visio: diagram\u0173 ir schem\u0173 k\u016brimasDuomen\u0173 apdorojimas SPSS programaMS Outlook: efektyvus lai\u0161k\u0173 tvarkymas ir darbo organizavimasIT saugumas paprastai Praktini\u0173 seminar\u0173 ciklas \u201eMS Excel programos naudojimo galimyb\u0117s vadybos ir finans\u0173 srityse\u201c: Formuli\u0173 ir funkcij\u0173 naudojimasDideli\u0173 duomen\u0173 lenteli\u0173 tvarkymas ir ataskait\u0173 ruo\u0161imasDuomen\u0173 analiz\u0117Excel diagramos informacijai vizualizuotiDidel\u0117s ir ma\u017eos Excel gudryb\u0117sPivot Tables [&hellip;]<\/p>\n","protected":false},"author":1,"featured_media":0,"parent":0,"menu_order":0,"comment_status":"closed","ping_status":"closed","template":"","meta":{"footnotes":""},"class_list":["post-214","page","type-page","status-publish","hentry"],"aioseo_notices":[],"_links":{"self":[{"href":"https:\/\/kompiuteriu-kursai.lt\/index.php?rest_route=\/wp\/v2\/pages\/214","targetHints":{"allow":["GET"]}}],"collection":[{"href":"https:\/\/kompiuteriu-kursai.lt\/index.php?rest_route=\/wp\/v2\/pages"}],"about":[{"href":"https:\/\/kompiuteriu-kursai.lt\/index.php?rest_route=\/wp\/v2\/types\/page"}],"author":[{"embeddable":true,"href":"https:\/\/kompiuteriu-kursai.lt\/index.php?rest_route=\/wp\/v2\/users\/1"}],"replies":[{"embeddable":true,"href":"https:\/\/kompiuteriu-kursai.lt\/index.php?rest_route=%2Fwp%2Fv2%2Fcomments&post=214"}],"version-history":[{"count":40,"href":"https:\/\/kompiuteriu-kursai.lt\/index.php?rest_route=\/wp\/v2\/pages\/214\/revisions"}],"predecessor-version":[{"id":4032,"href":"https:\/\/kompiuteriu-kursai.lt\/index.php?rest_route=\/wp\/v2\/pages\/214\/revisions\/4032"}],"wp:attachment":[{"href":"https:\/\/kompiuteriu-kursai.lt\/index.php?rest_route=%2Fwp%2Fv2%2Fmedia&parent=214"}],"curies":[{"name":"wp","href":"https:\/\/api.w.org\/{rel}","templated":true}]}}