{"id":320,"date":"2022-08-22T06:00:24","date_gmt":"2022-08-22T06:00:24","guid":{"rendered":"https:\/\/kompiuteriu-kursai.lt\/?page_id=320"},"modified":"2023-10-13T19:31:28","modified_gmt":"2023-10-13T16:31:28","slug":"ekspertai-pataria","status":"publish","type":"page","link":"https:\/\/kompiuteriu-kursai.lt\/?page_id=320","title":{"rendered":"ekspertai pataria"},"content":{"rendered":"\n<p><\/p>\n\n\n\n<p>Vesdami&nbsp;<a href=\"?page_id=165\">MS Office kursus<\/a> bei patys daug dirbdami su Excel, Word ir kitomis programomis, atrandame didesni\u0173 ar ma\u017eesni\u0173 gudrybi\u0173, padedan\u010di\u0173 grei\u010diau ir efektyviau naudotis programomis. \u0160iame svetain\u0117s skyriuje m\u016bs\u0173 Excel ekspertas Egidijus Grig\u016bnas, Word ir Excel ekspert\u0117 Natalja Kazakova ir MS Office Master Anton Tiunin dalinasi savo patirtimi.<\/p>\n\n\n\n<h3 class=\"wp-block-heading\">Kaip kopijuoti duomen\u0173 format\u0105<\/h3>\n\n\n\n<p><strong>MS Office<\/strong>&nbsp;programose galima kopijuoti ne tik duomenis, bet ir j\u0173 formatavim\u0105.&nbsp;<a href=\"?p=273\">Pla\u010diau \u00bb<\/a><\/p>\n\n\n\n<h2 class=\"wp-block-heading\">MS Office Excel<\/h2>\n\n\n\n<h3 class=\"wp-block-heading\">Kaip lengvai surasti ir atidaryti reikaling\u0105 dokument\u0105<\/h3>\n\n\n\n<p>Jei kart\u0105 per m\u0117nes\u012f pildote ataskait\u0105, tabel\u012f, darote suvestin\u0119 ir kiekvien\u0105 kart\u0105 ie\u0161kote, kur tas dokumentas yra i\u0161saugotas, jums reik\u0117t\u0173 j\u012f \u201eprisegti smeigtuku\u201c nesenai naudot\u0173 dokument\u0173 s\u0105ra\u0161e.&nbsp;<a href=\"?p=280\">Pla\u010diau \u00bb<\/a><\/p>\n\n\n\n<h3 class=\"wp-block-heading\">Kaip pasidaryti i\u0161krentant\u012f s\u0105ra\u0161\u0105<\/h3>\n\n\n\n<p>\u012e Excel lentel\u0119 lengviau \u012fvesite duomenis, jeigu naudosite i\u0161krentant\u012f s\u0105ra\u0161\u0105 su nurodytais pavadinimais. Naudojant \u0161\u012f s\u0105ra\u0161\u0105, galima leisti \u012fvesti tik s\u0105ra\u0161e esan\u010dius duomenis, taip i\u0161vengiant klaid\u0173 arba &#8230;<a href=\"?p=288\">Pla\u010diau \u00bb<\/a><\/p>\n\n\n\n<h3 class=\"wp-block-heading\">Kaip \u012fvesti s\u0105skaitos numer\u012f, kad nedingt\u0173 nuliai<\/h3>\n\n\n\n<p>Turb\u016bt visi, kas dirbate su Excel programa, esate susid\u016br\u0119 su tokia situacija: \u012fra\u0161ote 001, o atvaizduoja tik 1, \u012fra\u0161ote 01-22 arba 01\/22, o Excel atvaizduoja \u012fra\u0161\u0105 kaip 22.Sau.&nbsp;<a href=\"?p=293\">Pla\u010diau \u00bb<\/a><\/p>\n\n\n\n<h3 class=\"wp-block-heading\">Kaip \u012fvesti keli\u0173 eilu\u010di\u0173 tekst\u0105 \u012f Excel langel\u012f<\/h3>\n\n\n\n<p>Jei teksto ra\u0161ymo metu norite j\u012f perkelti \u012f kit\u0105 to langelio eilut\u0119, &#8230;<a href=\"?p=298\">Pla\u010diau \u00bb<\/a><\/p>\n\n\n\n<h3 class=\"wp-block-heading\">Kaip \u012fvesti informacij\u0105 \u012f Excel: ma\u017eos, bet naudingos gudryb\u0117s<\/h3>\n\n\n\n<p>Programos Excel i\u0161skirtin\u0117 savyb\u0117 &#8211; bet koki\u0173 \u012fvedam\u0173 duomen\u0173 formatavimo interpretacija.&nbsp;<a href=\"?p=300\">Pla\u010diau \u00bb<\/a><\/p>\n\n\n\n<h3 class=\"wp-block-heading\">Kaip greitai apskai\u010diuoti sum\u0105, vidurk\u012f ar kit\u0105 reik\u0161m\u0119<\/h3>\n\n\n\n<p>Kartais reikia tam tikro langeli\u0173 diapazono reik\u0161mi\u0173, bet darbo lape rezultatas nereikalingas.&nbsp;<a href=\"?p=304\">Pla\u010diau \u00bb<\/a><\/p>\n\n\n\n<h3 class=\"wp-block-heading\">Kaip prid\u0117ti komand\u0105 \u012f spar\u010diosios prieigos juost\u0105<\/h3>\n\n\n\n<p>Spar\u010diosios prieigos juosta naudojama mygtukams greitai pasiekti.&nbsp;<a href=\"?p=308\">Pla\u010diau \u00bb<\/a><\/p>\n\n\n\n<h2 class=\"wp-block-heading\">MS Office Word<\/h2>\n\n\n\n<h3 class=\"wp-block-heading\">Kaip greitai pa\u017eym\u0117ti dal\u012f ar vis\u0105 dokumento tekst\u0105<\/h3>\n\n\n\n<p>Tvarkydami tekst\u0105 galite greitai ir tiksliai pa\u017eym\u0117ti norim\u0105 informacij\u0105 tiesiog spragtel\u0117j\u0119 pelyte.<a href=\"?p=314\">&nbsp;Pla\u010diau \u00bb<\/a><\/p>\n\n\n\n<h3 class=\"wp-block-heading\">Kaip atvaizduoti dokumento pataisymus (Track changes)<\/h3>\n\n\n\n<p>Labai da\u017enai gav\u0119 dokument\u0105 taisyti (patikrinti), j\u016bs norite, kad \u017emogus, kuriam bus siun\u010diamas dokumentas, matyt\u0173 visus j\u016bs\u0173 pakeitimus.<br><a href=\"?p=316\">Pla\u010diau \u00bb<\/a><\/p>\n","protected":false},"excerpt":{"rendered":"<p>Vesdami&nbsp;MS Office kursus bei patys daug dirbdami su Excel, Word ir kitomis programomis, atrandame didesni\u0173 ar ma\u017eesni\u0173 gudrybi\u0173, padedan\u010di\u0173 grei\u010diau ir efektyviau naudotis programomis. \u0160iame svetain\u0117s skyriuje m\u016bs\u0173 Excel ekspertas Egidijus Grig\u016bnas, Word ir Excel ekspert\u0117 Natalja Kazakova ir MS Office Master Anton Tiunin dalinasi savo patirtimi. Kaip kopijuoti duomen\u0173 format\u0105 MS Office&nbsp;programose galima kopijuoti [&hellip;]<\/p>\n","protected":false},"author":1,"featured_media":0,"parent":0,"menu_order":0,"comment_status":"closed","ping_status":"closed","template":"","meta":{"footnotes":""},"class_list":["post-320","page","type-page","status-publish","hentry"],"aioseo_notices":[],"_links":{"self":[{"href":"https:\/\/kompiuteriu-kursai.lt\/index.php?rest_route=\/wp\/v2\/pages\/320","targetHints":{"allow":["GET"]}}],"collection":[{"href":"https:\/\/kompiuteriu-kursai.lt\/index.php?rest_route=\/wp\/v2\/pages"}],"about":[{"href":"https:\/\/kompiuteriu-kursai.lt\/index.php?rest_route=\/wp\/v2\/types\/page"}],"author":[{"embeddable":true,"href":"https:\/\/kompiuteriu-kursai.lt\/index.php?rest_route=\/wp\/v2\/users\/1"}],"replies":[{"embeddable":true,"href":"https:\/\/kompiuteriu-kursai.lt\/index.php?rest_route=%2Fwp%2Fv2%2Fcomments&post=320"}],"version-history":[{"count":6,"href":"https:\/\/kompiuteriu-kursai.lt\/index.php?rest_route=\/wp\/v2\/pages\/320\/revisions"}],"predecessor-version":[{"id":3438,"href":"https:\/\/kompiuteriu-kursai.lt\/index.php?rest_route=\/wp\/v2\/pages\/320\/revisions\/3438"}],"wp:attachment":[{"href":"https:\/\/kompiuteriu-kursai.lt\/index.php?rest_route=%2Fwp%2Fv2%2Fmedia&parent=320"}],"curies":[{"name":"wp","href":"https:\/\/api.w.org\/{rel}","templated":true}]}}