{"id":513,"date":"2022-08-30T05:09:17","date_gmt":"2022-08-30T05:09:17","guid":{"rendered":"https:\/\/kompiuteriu-kursai.lt\/?page_id=513"},"modified":"2025-10-02T17:45:07","modified_gmt":"2025-10-02T14:45:07","slug":"naujienos","status":"publish","type":"page","link":"https:\/\/kompiuteriu-kursai.lt\/?page_id=513","title":{"rendered":"artimiausi mokymai"},"content":{"rendered":"\n<div class=\"wp-block-group\"><div class=\"wp-block-group__inner-container is-layout-constrained wp-block-group-is-layout-constrained\">\n<div class=\"wp-block-query is-layout-flow wp-block-query-is-layout-flow\"><ul class=\"wp-block-post-template is-layout-flow wp-block-post-template-is-layout-flow\"><li class=\"wp-block-post post-3972 post type-post status-publish format-standard hentry category-naujienos tag-comptia-network tag-kompiuteriu-tinklai tag-kursai tag-mokymai-it-specialistams tag-sistemu-administravimas\">\n\n<div class=\"wp-block-columns alignwide is-layout-flex wp-container-core-columns-is-layout-9d6595d7 wp-block-columns-is-layout-flex\">\n<div class=\"wp-block-column is-vertically-aligned-center is-layout-flow wp-block-column-is-layout-flow\" style=\"flex-basis:90%\">\n<div class=\"wp-block-columns is-layout-flex wp-container-core-columns-is-layout-9d6595d7 wp-block-columns-is-layout-flex\">\n<div class=\"wp-block-column is-layout-flow wp-block-column-is-layout-flow\" style=\"flex-basis:33.33%\"><\/div>\n\n\n\n<div class=\"wp-block-column is-layout-flow wp-block-column-is-layout-flow\" style=\"flex-basis:66.66%\">\n<h2 class=\"wp-block-heading\">CompTIA Network+<\/h2>\n<\/div>\n<\/div>\n\n\n<div class=\"entry-content wp-block-post-content is-layout-flow wp-block-post-content-is-layout-flow\">\n<div class=\"wp-block-columns is-layout-flex wp-container-core-columns-is-layout-9d6595d7 wp-block-columns-is-layout-flex\">\n<div class=\"wp-block-column is-layout-flow wp-block-column-is-layout-flow\" style=\"flex-basis:33.33%\">\n<div class=\"wp-block-group\"><div class=\"wp-block-group__inner-container is-layout-flow wp-block-group-is-layout-flow\"><div class=\"wp-block-image\">\n<figure class=\"alignright size-medium\"><a href=\"https:\/\/kompiuteriu-kursai.lt\/?page_id=3976\"><img loading=\"lazy\" decoding=\"async\" width=\"300\" height=\"300\" src=\"https:\/\/kompiuteriu-kursai.lt\/wp-content\/uploads\/2024\/01\/network-1-300x300.png\" alt=\"\" class=\"wp-image-3973\" srcset=\"https:\/\/kompiuteriu-kursai.lt\/wp-content\/uploads\/2024\/01\/network-1-300x300.png 300w, https:\/\/kompiuteriu-kursai.lt\/wp-content\/uploads\/2024\/01\/network-1-150x150.png 150w, https:\/\/kompiuteriu-kursai.lt\/wp-content\/uploads\/2024\/01\/network-1.png 700w\" sizes=\"auto, (max-width: 300px) 100vw, 300px\" \/><\/a><\/figure>\n<\/div><\/div><\/div>\n<\/div>\n\n\n\n<div class=\"wp-block-column is-layout-flow wp-block-column-is-layout-flow\" style=\"flex-basis:66.66%\">\n<p style=\"font-style:normal;font-weight:300\">Mokym\u0173 datos: lapkri\u010dio 25 d., 08:15 \u2022 Trukm\u0117: 40 akad. val. \u2022 Vieta: Verki\u0173 g. 31C, Vilnius<\/p>\n\n\n\n<p><br>Penki\u0173 dien\u0173 trukm\u0117s kursas IT specialistams, siekiantiems prad\u0117ti kompiuteri\u0173 tinkl\u0173 administravimo karjer\u0105. Kurse \u012fgysite b\u016btin\u0173j\u0173 \u017eini\u0173 ir \u012fg\u016bd\u017ei\u0173 darbui su tinklo \u012franga: mokysit\u0117s tinkl\u0173 \u012frangos pagrind\u0173, tinkl\u0173 administravimo, tinklo \u012frangos saugumo palaikymo, diagnostikos ir gedim\u0173 \u0161alinimo. Baig\u0119 mokymus, geb\u0117site diegti, konfig\u016bruoti bei valdyti kompiuteri\u0173 tinkl\u0173 sistemas ir b\u016bsite pasiruo\u0161\u0119 laikyti CompTIA Network+ egzamin\u0105. <\/p>\n\n\n\n<p><br><a href=\"https:\/\/kompiuteriu-kursai.lt\/?p=3977\" title=\"\">Registracija \u279d<\/a><\/p>\n<\/div>\n<\/div>\n\n\n\n<p><\/p>\n<\/div><\/div>\n<\/div>\n\n<\/li><li class=\"wp-block-post post-2559 post type-post status-publish format-standard hentry category-naujienos tag-comptia-linux\">\n\n<div class=\"wp-block-columns alignwide is-layout-flex wp-container-core-columns-is-layout-9d6595d7 wp-block-columns-is-layout-flex\">\n<div class=\"wp-block-column is-vertically-aligned-center is-layout-flow wp-block-column-is-layout-flow\" style=\"flex-basis:90%\">\n<div class=\"wp-block-columns is-layout-flex wp-container-core-columns-is-layout-9d6595d7 wp-block-columns-is-layout-flex\">\n<div class=\"wp-block-column is-layout-flow wp-block-column-is-layout-flow\" style=\"flex-basis:33.33%\"><\/div>\n\n\n\n<div class=\"wp-block-column is-layout-flow wp-block-column-is-layout-flow\" style=\"flex-basis:66.66%\">\n<h2 class=\"wp-block-heading\">CompTIA Network+<\/h2>\n<\/div>\n<\/div>\n\n\n<div class=\"entry-content wp-block-post-content is-layout-flow wp-block-post-content-is-layout-flow\">\n<div class=\"wp-block-columns is-layout-flex wp-container-core-columns-is-layout-9d6595d7 wp-block-columns-is-layout-flex\">\n<div class=\"wp-block-column is-layout-flow wp-block-column-is-layout-flow\" style=\"flex-basis:33.33%\">\n<div class=\"wp-block-group\"><div class=\"wp-block-group__inner-container is-layout-flow wp-block-group-is-layout-flow\"><div class=\"wp-block-image\">\n<figure class=\"aligncenter size-medium\"><a href=\"https:\/\/kompiuteriu-kursai.lt\/?page_id=2956\"><img loading=\"lazy\" decoding=\"async\" width=\"300\" height=\"300\" src=\"https:\/\/kompiuteriu-kursai.lt\/wp-content\/uploads\/2023\/05\/2-300x300.png\" alt=\"\" class=\"wp-image-3564\" srcset=\"https:\/\/kompiuteriu-kursai.lt\/wp-content\/uploads\/2023\/05\/2-300x300.png 300w, https:\/\/kompiuteriu-kursai.lt\/wp-content\/uploads\/2023\/05\/2-150x150.png 150w, https:\/\/kompiuteriu-kursai.lt\/wp-content\/uploads\/2023\/05\/2.png 700w\" sizes=\"auto, (max-width: 300px) 100vw, 300px\" \/><\/a><\/figure>\n<\/div><\/div><\/div>\n<\/div>\n\n\n\n<div class=\"wp-block-column is-layout-flow wp-block-column-is-layout-flow\" style=\"flex-basis:66.66%\">\n<p style=\"font-style:normal;font-weight:300\">Prad\u017eia: spalio 23 d., 09:00 \u2022 Trukm\u0117: 40 akad. val. (5 darbo dienos) \u2022 Vieta: Verki\u0173 g. 31C, Vilnius<\/p>\n\n\n\n<p><br>Intensyv\u016bs kursai siekiantiems tapti Linux operacin\u0117s sistemos specialistais ir prad\u0117ti karjer\u0105 sistem\u0173 administravimo, debes\u0173 kompiuterijos, tinkl\u0173 administravimo, kibernetinio saugumo srityse. Kursas apima kompetencijas, pagr\u012fstas \u0161i\u0173 dien\u0173 verslo poreikiais.<\/p>\n\n\n\n<p><br><a href=\"https:\/\/kompiuteriu-kursai.lt\/?p=2571\" data-type=\"URL\" data-id=\"https:\/\/kompiuteriu-kursai.lt\/?p=2571\">Registracija \u279d<\/a><\/p>\n<\/div>\n<\/div>\n\n\n\n<p><\/p>\n<\/div><\/div>\n<\/div>\n\n<\/li><\/ul><\/div>\n<\/div><\/div>\n\n\n\n<div class=\"wp-block-columns is-layout-flex wp-container-core-columns-is-layout-9d6595d7 wp-block-columns-is-layout-flex\">\n<div class=\"wp-block-column is-layout-flow wp-block-column-is-layout-flow\" style=\"flex-basis:33.33%\"><\/div>\n\n\n\n<div class=\"wp-block-column is-layout-flow wp-block-column-is-layout-flow\" style=\"flex-basis:66.66%\"><\/div>\n<\/div>\n\n\n\n<div class=\"wp-block-columns is-layout-flex wp-container-core-columns-is-layout-9d6595d7 wp-block-columns-is-layout-flex\">\n<div class=\"wp-block-column is-layout-flow wp-block-column-is-layout-flow\" style=\"flex-basis:33.33%\"><\/div>\n\n\n\n<div class=\"wp-block-column is-layout-flow wp-block-column-is-layout-flow\" style=\"flex-basis:66.66%\">\n<h2 class=\"wp-block-heading\">Windows Server 2022 administravimas<\/h2>\n<\/div>\n<\/div>\n\n\n\n<div class=\"wp-block-columns is-layout-flex wp-container-core-columns-is-layout-9d6595d7 wp-block-columns-is-layout-flex\">\n<div class=\"wp-block-column is-layout-flow wp-block-column-is-layout-flow\"><div data-post-id=\"4473\" class=\"insert-page insert-page-4473 \">\n<div class=\"wp-block-columns is-layout-flex wp-container-core-columns-is-layout-9d6595d7 wp-block-columns-is-layout-flex\">\n<div class=\"wp-block-column is-layout-flow wp-block-column-is-layout-flow\" style=\"flex-basis:33.33%\">\n<div class=\"wp-block-group\"><div class=\"wp-block-group__inner-container is-layout-flow wp-block-group-is-layout-flow\"><div class=\"wp-block-image\">\n<figure class=\"aligncenter size-medium\"><img loading=\"lazy\" decoding=\"async\" width=\"300\" height=\"300\" src=\"https:\/\/kompiuteriu-kursai.lt\/wp-content\/uploads\/2025\/10\/windowsServer2022-300x300.png\" alt=\"\" class=\"wp-image-5048\" srcset=\"https:\/\/kompiuteriu-kursai.lt\/wp-content\/uploads\/2025\/10\/windowsServer2022-300x300.png 300w, https:\/\/kompiuteriu-kursai.lt\/wp-content\/uploads\/2025\/10\/windowsServer2022-150x150.png 150w, https:\/\/kompiuteriu-kursai.lt\/wp-content\/uploads\/2025\/10\/windowsServer2022.png 643w\" sizes=\"auto, (max-width: 300px) 100vw, 300px\" \/><\/figure>\n<\/div><\/div><\/div>\n<\/div>\n\n\n\n<div class=\"wp-block-column is-layout-flow wp-block-column-is-layout-flow\" style=\"flex-basis:66.66%\">\n<p style=\"font-style:normal;font-weight:300\">Mokym\u0173 prad\u017eia: lapkri\u010dio 24 d., 08:30 \u2022 Trukm\u0117: 40 akad. val. \u2022 Vieta: Verki\u0173 g. 31C, Vilnius<\/p>\n\n\n\n<p><br>Kursas skirtas norintiems administruoti \u201eWindows Server 2020\u201c, IT specialistams, siekiantiems kelti kompetencijas, taip pat IT naujokams industrijoje vertinamiems \u012fg\u016bd\u017eiams \u012fgyti.<br><br>Baig\u0119 kursus dalyviai geba u\u017etikrinti verslo sistem\u0173 saugum\u0105, palaikyti tinkam\u0105 j\u0173 veikim\u0105, analizuoti ir gerinti procesus, spr\u0119sti programin\u0117s ir technin\u0117s \u012frangos problemas. Kursas apima kompetencijas, pagr\u012fstas \u0161i\u0173 dien\u0173 verslo poreikiais.<\/p>\n\n\n\n<p><br><a href=\"https:\/\/kompiuteriu-kursai.lt\/?p=4394\" title=\"\">Registracija \u279d<\/a><\/p>\n<\/div>\n<\/div>\n\n\n\n<p><\/p>\n<\/div><\/div>\n<\/div>\n\n\n\n<div class=\"wp-block-columns is-layout-flex wp-container-core-columns-is-layout-9d6595d7 wp-block-columns-is-layout-flex\">\n<div class=\"wp-block-column is-layout-flow wp-block-column-is-layout-flow\" style=\"flex-basis:33.33%\"><\/div>\n\n\n\n<div class=\"wp-block-column is-layout-flow wp-block-column-is-layout-flow\" style=\"flex-basis:66.66%\">\n<h2 class=\"wp-block-heading\">MS PowerPoint: profesionalios prezentacijos k\u016brimas<\/h2>\n<\/div>\n<\/div>\n\n\n\n<div class=\"wp-block-columns is-layout-flex wp-container-core-columns-is-layout-9d6595d7 wp-block-columns-is-layout-flex\">\n<div class=\"wp-block-column is-layout-flow wp-block-column-is-layout-flow\"><div data-post-id=\"2739\" class=\"insert-page insert-page-2739 \">\n<div class=\"wp-block-columns is-layout-flex wp-container-core-columns-is-layout-9d6595d7 wp-block-columns-is-layout-flex\">\n<div class=\"wp-block-column is-layout-flow wp-block-column-is-layout-flow\" style=\"flex-basis:33.33%\">\n<div class=\"wp-block-group\"><div class=\"wp-block-group__inner-container is-layout-flow wp-block-group-is-layout-flow\"><div class=\"wp-block-image\">\n<figure class=\"aligncenter size-medium\"><a href=\"https:\/\/kompiuteriu-kursai.lt\/?p=245\"><img loading=\"lazy\" decoding=\"async\" width=\"300\" height=\"300\" src=\"https:\/\/kompiuteriu-kursai.lt\/wp-content\/uploads\/2023\/11\/2-300x300.png\" alt=\"\" class=\"wp-image-3869\" srcset=\"https:\/\/kompiuteriu-kursai.lt\/wp-content\/uploads\/2023\/11\/2-300x300.png 300w, https:\/\/kompiuteriu-kursai.lt\/wp-content\/uploads\/2023\/11\/2-150x150.png 150w, https:\/\/kompiuteriu-kursai.lt\/wp-content\/uploads\/2023\/11\/2.png 700w\" sizes=\"auto, (max-width: 300px) 100vw, 300px\" \/><\/a><\/figure>\n<\/div><\/div><\/div>\n<\/div>\n\n\n\n<div class=\"wp-block-column is-layout-flow wp-block-column-is-layout-flow\" style=\"flex-basis:66.66%\">\n<p style=\"font-style:normal;font-weight:300\">Mokym\u0173 prad\u017eia: lapkri\u010dio 12 d., 9:00 \u2022 Trukm\u0117: 10 akad. val. (2 u\u017esi\u0117mimai po 5 akad. val.) \u2022 Vieta: Verki\u0173 g. 31C, Vilnius<\/p>\n\n\n\n<p><br>Microsoft PowerPoint yra galingas \u012frankis profesionaliems, interaktyviems prane\u0161imams ruo\u0161ti, bet didel\u0117 dalis \u0161ios programos \u012franki\u0173 ir funkcij\u0173 lieka nei\u0161naudoti. Kursuose atrasite nauj\u0173 b\u016bd\u0173 rengti profesionalias pateiktis.<\/p>\n\n\n\n<p><br><a href=\"https:\/\/kompiuteriu-kursai.lt\/?p=1711\" title=\"\">Registracija \u279d<\/a><\/p>\n<\/div>\n<\/div>\n<\/div><\/div>\n<\/div>\n","protected":false},"excerpt":{"rendered":"<p>Windows Server 2022 administravimas MS PowerPoint: profesionalios prezentacijos k\u016brimas<\/p>\n","protected":false},"author":1,"featured_media":0,"parent":0,"menu_order":0,"comment_status":"closed","ping_status":"closed","template":"","meta":{"footnotes":""},"class_list":["post-513","page","type-page","status-publish","hentry"],"aioseo_notices":[],"_links":{"self":[{"href":"https:\/\/kompiuteriu-kursai.lt\/index.php?rest_route=\/wp\/v2\/pages\/513","targetHints":{"allow":["GET"]}}],"collection":[{"href":"https:\/\/kompiuteriu-kursai.lt\/index.php?rest_route=\/wp\/v2\/pages"}],"about":[{"href":"https:\/\/kompiuteriu-kursai.lt\/index.php?rest_route=\/wp\/v2\/types\/page"}],"author":[{"embeddable":true,"href":"https:\/\/kompiuteriu-kursai.lt\/index.php?rest_route=\/wp\/v2\/users\/1"}],"replies":[{"embeddable":true,"href":"https:\/\/kompiuteriu-kursai.lt\/index.php?rest_route=%2Fwp%2Fv2%2Fcomments&post=513"}],"version-history":[{"count":26,"href":"https:\/\/kompiuteriu-kursai.lt\/index.php?rest_route=\/wp\/v2\/pages\/513\/revisions"}],"predecessor-version":[{"id":5072,"href":"https:\/\/kompiuteriu-kursai.lt\/index.php?rest_route=\/wp\/v2\/pages\/513\/revisions\/5072"}],"wp:attachment":[{"href":"https:\/\/kompiuteriu-kursai.lt\/index.php?rest_route=%2Fwp%2Fv2%2Fmedia&parent=513"}],"curies":[{"name":"wp","href":"https:\/\/api.w.org\/{rel}","templated":true}]}}