{"id":52,"date":"2022-08-19T10:22:51","date_gmt":"2022-08-19T10:22:51","guid":{"rendered":"https:\/\/kompiuteriu-kursai.lt\/?page_id=52"},"modified":"2025-10-10T13:45:32","modified_gmt":"2025-10-10T10:45:32","slug":"pagrindinis","status":"publish","type":"page","link":"https:\/\/kompiuteriu-kursai.lt\/","title":{"rendered":"PAGRINDINIS"},"content":{"rendered":"\n<h1 class=\"wp-block-heading has-text-align-center\">artimiausi mokymai<\/h1>\n\n\n\n<h3 class=\"wp-block-heading has-text-align-center\" style=\"font-style:normal;font-weight:400;letter-spacing:3px;text-transform:uppercase\">2025 SPALIS\u2013LAPKRITIS<\/h3>\n\n\n\n<div class=\"wp-block-columns is-layout-flex wp-container-core-columns-is-layout-9d6595d7 wp-block-columns-is-layout-flex\">\n<div class=\"wp-block-column is-layout-flow wp-block-column-is-layout-flow\" style=\"flex-basis:33.33%\"><\/div>\n\n\n\n<div class=\"wp-block-column is-layout-flow wp-block-column-is-layout-flow\" style=\"flex-basis:66.66%\">\n<h2 class=\"wp-block-heading\">Windows Server 2022 administravimas<\/h2>\n<\/div>\n<\/div>\n\n\n<div data-post-id=\"4473\" class=\"insert-page insert-page-4473 \">\n<div class=\"wp-block-columns is-layout-flex wp-container-core-columns-is-layout-9d6595d7 wp-block-columns-is-layout-flex\">\n<div class=\"wp-block-column is-layout-flow wp-block-column-is-layout-flow\" style=\"flex-basis:33.33%\">\n<div class=\"wp-block-group\"><div class=\"wp-block-group__inner-container is-layout-flow wp-block-group-is-layout-flow\"><div class=\"wp-block-image\">\n<figure class=\"aligncenter size-medium\"><img loading=\"lazy\" decoding=\"async\" width=\"300\" height=\"300\" src=\"https:\/\/kompiuteriu-kursai.lt\/wp-content\/uploads\/2025\/10\/windowsServer2022-300x300.png\" alt=\"\" class=\"wp-image-5048\" srcset=\"https:\/\/kompiuteriu-kursai.lt\/wp-content\/uploads\/2025\/10\/windowsServer2022-300x300.png 300w, https:\/\/kompiuteriu-kursai.lt\/wp-content\/uploads\/2025\/10\/windowsServer2022-150x150.png 150w, https:\/\/kompiuteriu-kursai.lt\/wp-content\/uploads\/2025\/10\/windowsServer2022.png 643w\" sizes=\"auto, (max-width: 300px) 100vw, 300px\" \/><\/figure>\n<\/div><\/div><\/div>\n<\/div>\n\n\n\n<div class=\"wp-block-column is-layout-flow wp-block-column-is-layout-flow\" style=\"flex-basis:66.66%\">\n<p style=\"font-style:normal;font-weight:300\">Mokym\u0173 prad\u017eia: lapkri\u010dio 24 d., 08:30 \u2022 Trukm\u0117: 40 akad. val. \u2022 Vieta: Verki\u0173 g. 31C, Vilnius<\/p>\n\n\n\n<p><br>Kursas skirtas norintiems administruoti \u201eWindows Server 2020\u201c, IT specialistams, siekiantiems kelti kompetencijas, taip pat IT naujokams industrijoje vertinamiems \u012fg\u016bd\u017eiams \u012fgyti.<br><br>Baig\u0119 kursus dalyviai geba u\u017etikrinti verslo sistem\u0173 saugum\u0105, palaikyti tinkam\u0105 j\u0173 veikim\u0105, analizuoti ir gerinti procesus, spr\u0119sti programin\u0117s ir technin\u0117s \u012frangos problemas. Kursas apima kompetencijas, pagr\u012fstas \u0161i\u0173 dien\u0173 verslo poreikiais.<\/p>\n\n\n\n<p><br><a href=\"https:\/\/kompiuteriu-kursai.lt\/?p=4394\" title=\"\">Registracija \u279d<\/a><\/p>\n<\/div>\n<\/div>\n\n\n\n<p><\/p>\n<\/div>\n\n\n<div class=\"wp-block-columns is-layout-flex wp-container-core-columns-is-layout-9d6595d7 wp-block-columns-is-layout-flex\">\n<div class=\"wp-block-column is-layout-flow wp-block-column-is-layout-flow\" style=\"flex-basis:33.33%\"><\/div>\n\n\n\n<div class=\"wp-block-column is-layout-flow wp-block-column-is-layout-flow\" style=\"flex-basis:66.66%\">\n<h2 class=\"wp-block-heading\">CompTIA Network+<\/h2>\n<\/div>\n<\/div>\n\n\n<div data-post-id=\"3972\" class=\"insert-page insert-page-3972 \">\n<div class=\"wp-block-columns is-layout-flex wp-container-core-columns-is-layout-9d6595d7 wp-block-columns-is-layout-flex\">\n<div class=\"wp-block-column is-layout-flow wp-block-column-is-layout-flow\" style=\"flex-basis:33.33%\">\n<div class=\"wp-block-group\"><div class=\"wp-block-group__inner-container is-layout-flow wp-block-group-is-layout-flow\"><div class=\"wp-block-image\">\n<figure class=\"alignright size-medium\"><a href=\"https:\/\/kompiuteriu-kursai.lt\/?page_id=3976\"><img loading=\"lazy\" decoding=\"async\" width=\"300\" height=\"300\" src=\"https:\/\/kompiuteriu-kursai.lt\/wp-content\/uploads\/2024\/01\/network-1-300x300.png\" alt=\"\" class=\"wp-image-3973\" srcset=\"https:\/\/kompiuteriu-kursai.lt\/wp-content\/uploads\/2024\/01\/network-1-300x300.png 300w, https:\/\/kompiuteriu-kursai.lt\/wp-content\/uploads\/2024\/01\/network-1-150x150.png 150w, https:\/\/kompiuteriu-kursai.lt\/wp-content\/uploads\/2024\/01\/network-1.png 700w\" sizes=\"auto, (max-width: 300px) 100vw, 300px\" \/><\/a><\/figure>\n<\/div><\/div><\/div>\n<\/div>\n\n\n\n<div class=\"wp-block-column is-layout-flow wp-block-column-is-layout-flow\" style=\"flex-basis:66.66%\">\n<p style=\"font-style:normal;font-weight:300\">Mokym\u0173 datos: lapkri\u010dio 25 d., 08:15 \u2022 Trukm\u0117: 40 akad. val. \u2022 Vieta: Verki\u0173 g. 31C, Vilnius<\/p>\n\n\n\n<p><br>Penki\u0173 dien\u0173 trukm\u0117s kursas IT specialistams, siekiantiems prad\u0117ti kompiuteri\u0173 tinkl\u0173 administravimo karjer\u0105. Kurse \u012fgysite b\u016btin\u0173j\u0173 \u017eini\u0173 ir \u012fg\u016bd\u017ei\u0173 darbui su tinklo \u012franga: mokysit\u0117s tinkl\u0173 \u012frangos pagrind\u0173, tinkl\u0173 administravimo, tinklo \u012frangos saugumo palaikymo, diagnostikos ir gedim\u0173 \u0161alinimo. Baig\u0119 mokymus, geb\u0117site diegti, konfig\u016bruoti bei valdyti kompiuteri\u0173 tinkl\u0173 sistemas ir b\u016bsite pasiruo\u0161\u0119 laikyti CompTIA Network+ egzamin\u0105. <\/p>\n\n\n\n<p><br><a href=\"https:\/\/kompiuteriu-kursai.lt\/?p=3977\" title=\"\">Registracija \u279d<\/a><\/p>\n<\/div>\n<\/div>\n\n\n\n<p><\/p>\n<\/div>\n\n\n<div class=\"wp-block-columns is-layout-flex wp-container-core-columns-is-layout-9d6595d7 wp-block-columns-is-layout-flex\">\n<div class=\"wp-block-column is-layout-flow wp-block-column-is-layout-flow\" style=\"flex-basis:33.33%\"><\/div>\n\n\n\n<div class=\"wp-block-column is-layout-flow wp-block-column-is-layout-flow\" style=\"flex-basis:66.66%\">\n<h2 class=\"wp-block-heading\">MS PowerPoint: profesionalios prezentacijos k\u016brimas<\/h2>\n<\/div>\n<\/div>\n\n\n<div data-post-id=\"2739\" class=\"insert-page insert-page-2739 \">\n<div class=\"wp-block-columns is-layout-flex wp-container-core-columns-is-layout-9d6595d7 wp-block-columns-is-layout-flex\">\n<div class=\"wp-block-column is-layout-flow wp-block-column-is-layout-flow\" style=\"flex-basis:33.33%\">\n<div class=\"wp-block-group\"><div class=\"wp-block-group__inner-container is-layout-flow wp-block-group-is-layout-flow\"><div class=\"wp-block-image\">\n<figure class=\"aligncenter size-medium\"><a href=\"https:\/\/kompiuteriu-kursai.lt\/?p=245\"><img loading=\"lazy\" decoding=\"async\" width=\"300\" height=\"300\" src=\"https:\/\/kompiuteriu-kursai.lt\/wp-content\/uploads\/2023\/11\/2-300x300.png\" alt=\"\" class=\"wp-image-3869\" srcset=\"https:\/\/kompiuteriu-kursai.lt\/wp-content\/uploads\/2023\/11\/2-300x300.png 300w, https:\/\/kompiuteriu-kursai.lt\/wp-content\/uploads\/2023\/11\/2-150x150.png 150w, https:\/\/kompiuteriu-kursai.lt\/wp-content\/uploads\/2023\/11\/2.png 700w\" sizes=\"auto, (max-width: 300px) 100vw, 300px\" \/><\/a><\/figure>\n<\/div><\/div><\/div>\n<\/div>\n\n\n\n<div class=\"wp-block-column is-layout-flow wp-block-column-is-layout-flow\" style=\"flex-basis:66.66%\">\n<p style=\"font-style:normal;font-weight:300\">Mokym\u0173 prad\u017eia: lapkri\u010dio 12 d., 9:00 \u2022 Trukm\u0117: 10 akad. val. (2 u\u017esi\u0117mimai po 5 akad. val.) \u2022 Vieta: Verki\u0173 g. 31C, Vilnius<\/p>\n\n\n\n<p><br>Microsoft PowerPoint yra galingas \u012frankis profesionaliems, interaktyviems prane\u0161imams ruo\u0161ti, bet didel\u0117 dalis \u0161ios programos \u012franki\u0173 ir funkcij\u0173 lieka nei\u0161naudoti. Kursuose atrasite nauj\u0173 b\u016bd\u0173 rengti profesionalias pateiktis.<\/p>\n\n\n\n<p><br><a href=\"https:\/\/kompiuteriu-kursai.lt\/?p=1711\" title=\"\">Registracija \u279d<\/a><\/p>\n<\/div>\n<\/div>\n<\/div>\n\n\n<p class=\"has-text-align-center\"><a id=\"registration\" href=\"https:\/\/kompiuteriu-kursai.lt\/?page_id=513\" title=\"\">Daugiau mokym\u0173<\/a><\/p>\n\n\n\n<div style=\"height:66px\" aria-hidden=\"true\" class=\"wp-block-spacer\"><\/div>\n\n\n\n<h1 class=\"wp-block-heading has-text-align-center\" id=\"apie-mus\">apie mus<\/h1>\n\n\n\n<div class=\"wp-block-columns is-layout-flex wp-container-core-columns-is-layout-9d6595d7 wp-block-columns-is-layout-flex\">\n<div class=\"wp-block-column is-layout-flow wp-block-column-is-layout-flow\" style=\"flex-basis:100%\">\n<p>NKKM kompiuteri\u0173 mokykla nuo 2001 m. prad\u0117jo si\u016blyti IT mokymus suaugusiems kompiuterio naudotojams ir IT specialistams. Visiems, norintiems pagilinti turimas IT \u017einias arba j\u0173 \u012fgyti, \u0161iandien si\u016blome daugiau nei 20 mokymo program\u0173 nuo MS Office pradmen\u0173 iki specializuot\u0173 kurs\u0173 IT sistem\u0173 administratoriams. Mokymus veda profesional\u016bs d\u0117stytojai, turintys tarptautinius sertifikatus. <br><br><\/p>\n\n\n\n<div class=\"wp-block-media-text\" style=\"grid-template-columns:15% auto\"><figure class=\"wp-block-media-text__media\"><img loading=\"lazy\" decoding=\"async\" width=\"300\" height=\"240\" src=\"https:\/\/kompiuteriu-kursai.lt\/wp-content\/uploads\/2024\/02\/pearsonVueLogo-1-300x240.png\" alt=\"\" class=\"wp-image-4209 size-medium\" srcset=\"https:\/\/kompiuteriu-kursai.lt\/wp-content\/uploads\/2024\/02\/pearsonVueLogo-1-300x240.png 300w, https:\/\/kompiuteriu-kursai.lt\/wp-content\/uploads\/2024\/02\/pearsonVueLogo-1.png 500w\" sizes=\"auto, (max-width: 300px) 100vw, 300px\" \/><\/figure><div class=\"wp-block-media-text__content\">\n<p>Nuo 2004 m. NKKM kompiuteri\u0173 mokykla yra \u012fgaliotasis <strong>Pearson VUE<\/strong> ir <strong>Certiport<\/strong> testavimo centras. Organizacij\u0173 pra\u0161ymu ruo\u0161iame ir vykdome specializuotus testus.<\/p>\n<\/div><\/div>\n\n\n\n<p><br><\/p>\n\n\n\n<div class=\"wp-block-media-text is-vertically-aligned-center\" style=\"grid-template-columns:20% auto\"><figure class=\"wp-block-media-text__media\"><img loading=\"lazy\" decoding=\"async\" width=\"700\" height=\"260\" src=\"https:\/\/kompiuteriu-kursai.lt\/wp-content\/uploads\/2024\/02\/comptiaLogo.png\" alt=\"\" class=\"wp-image-4152 size-medium\" srcset=\"https:\/\/kompiuteriu-kursai.lt\/wp-content\/uploads\/2024\/02\/comptiaLogo.png 700w, https:\/\/kompiuteriu-kursai.lt\/wp-content\/uploads\/2024\/02\/comptiaLogo-300x111.png 300w\" sizes=\"auto, (max-width: 700px) 100vw, 700px\" \/><\/figure><div class=\"wp-block-media-text__content\">\n<p>Nuo 2024 m. NKKM kompiuteri\u0173 mokykla yra kompiuterini\u0173 technologij\u0173 pramon\u0117s asociacijos <strong>CompTIA<\/strong> akademinis partneris.<\/p>\n<\/div><\/div>\n<\/div>\n<\/div>\n\n\n\n<p><br><\/p>\n\n\n\n<h1 class=\"wp-block-heading has-text-align-center kodel-mes\">k\u0105 galime pasi\u016blyti?<\/h1>\n\n\n\n<p>&nbsp;<\/p>\n\n\n\n<div class=\"wp-block-columns is-layout-flex wp-container-core-columns-is-layout-9d6595d7 wp-block-columns-is-layout-flex\">\n<div class=\"wp-block-column is-layout-flow wp-block-column-is-layout-flow\">\n<div class=\"wp-block-columns is-layout-flex wp-container-core-columns-is-layout-9d6595d7 wp-block-columns-is-layout-flex\">\n<div class=\"wp-block-column is-layout-flow wp-block-column-is-layout-flow\" style=\"flex-basis:33.33%\">\n<figure class=\"wp-block-image size-full\"><img loading=\"lazy\" decoding=\"async\" width=\"800\" height=\"529\" src=\"https:\/\/kompiuteriu-kursai.lt\/wp-content\/uploads\/2022\/09\/ilgametePatirtis3.png\" alt=\"\" class=\"wp-image-1556\" style=\"object-fit:cover\" srcset=\"https:\/\/kompiuteriu-kursai.lt\/wp-content\/uploads\/2022\/09\/ilgametePatirtis3.png 800w, https:\/\/kompiuteriu-kursai.lt\/wp-content\/uploads\/2022\/09\/ilgametePatirtis3-300x198.png 300w, https:\/\/kompiuteriu-kursai.lt\/wp-content\/uploads\/2022\/09\/ilgametePatirtis3-768x508.png 768w\" sizes=\"auto, (max-width: 800px) 100vw, 800px\" \/><\/figure>\n<\/div>\n\n\n\n<div class=\"wp-block-column is-layout-flow wp-block-column-is-layout-flow\" style=\"flex-basis:66.66%\">\n<p class=\"kodelmes-p\"><em>Ilgamet\u0117 patirtis<\/em> Per daugiau nei 20 met\u0173 mokymus \u012fvykd\u0117me t\u016bkstan\u010diams darbuotoj\u0173 ir kvalifikuot\u0173 specialist\u0173.<\/p>\n<\/div>\n<\/div>\n<\/div>\n\n\n\n<div class=\"wp-block-column is-layout-flow wp-block-column-is-layout-flow\">\n<div class=\"wp-block-columns is-layout-flex wp-container-core-columns-is-layout-9d6595d7 wp-block-columns-is-layout-flex\">\n<div class=\"wp-block-column is-layout-flow wp-block-column-is-layout-flow\" style=\"flex-basis:33.33%\">\n<figure class=\"wp-block-image size-full\"><img loading=\"lazy\" decoding=\"async\" width=\"700\" height=\"637\" src=\"https:\/\/kompiuteriu-kursai.lt\/wp-content\/uploads\/2022\/09\/sertifikuotiDestytojai.png\" alt=\"\" class=\"wp-image-1557\" srcset=\"https:\/\/kompiuteriu-kursai.lt\/wp-content\/uploads\/2022\/09\/sertifikuotiDestytojai.png 700w, https:\/\/kompiuteriu-kursai.lt\/wp-content\/uploads\/2022\/09\/sertifikuotiDestytojai-300x273.png 300w\" sizes=\"auto, (max-width: 700px) 100vw, 700px\" \/><\/figure>\n<\/div>\n\n\n\n<div class=\"wp-block-column is-layout-flow wp-block-column-is-layout-flow\" style=\"flex-basis:66.66%\">\n<p class=\"kodelmes-p\"><em>Sertifikuoti d\u0117stytojai<\/em>Mokymus veda savo srities profesionalai, sukaup\u0119 didel\u0119 d\u0117stymo patirt\u012f ir turintys tarptautinius sertifikatus.<\/p>\n<\/div>\n<\/div>\n<\/div>\n<\/div>\n\n\n\n<div class=\"wp-block-columns is-layout-flex wp-container-core-columns-is-layout-9d6595d7 wp-block-columns-is-layout-flex\">\n<div class=\"wp-block-column is-layout-flow wp-block-column-is-layout-flow\" style=\"flex-basis:25%\"><\/div>\n\n\n\n<div class=\"wp-block-column is-layout-flow wp-block-column-is-layout-flow\" style=\"flex-basis:50%\">\n<div class=\"wp-block-columns is-layout-flex wp-container-core-columns-is-layout-9d6595d7 wp-block-columns-is-layout-flex\">\n<div class=\"wp-block-column is-layout-flow wp-block-column-is-layout-flow\" style=\"flex-basis:33.33%\">\n<figure class=\"wp-block-image size-full\"><img loading=\"lazy\" decoding=\"async\" width=\"700\" height=\"716\" src=\"https:\/\/kompiuteriu-kursai.lt\/wp-content\/uploads\/2022\/09\/mokymaiPagalZiniuLygi.png\" alt=\"\" class=\"wp-image-1558\" srcset=\"https:\/\/kompiuteriu-kursai.lt\/wp-content\/uploads\/2022\/09\/mokymaiPagalZiniuLygi.png 700w, https:\/\/kompiuteriu-kursai.lt\/wp-content\/uploads\/2022\/09\/mokymaiPagalZiniuLygi-293x300.png 293w\" sizes=\"auto, (max-width: 700px) 100vw, 700px\" \/><\/figure>\n<\/div>\n\n\n\n<div class=\"wp-block-column is-layout-flow wp-block-column-is-layout-flow\" style=\"flex-basis:66.66%\">\n<p class=\"kodelmes-p\"><em>Mokymai pagal \u017eini\u0173 lyg\u012f<\/em>U\u017etikriname plat\u0173 kurs\u0173 pasirinkim\u0105, vykdome mokymus tiek pradedantiesiems, tiek pa\u017eengusiems IT program\u0173 naudotojams.<\/p>\n<\/div>\n<\/div>\n<\/div>\n\n\n\n<div class=\"wp-block-column is-layout-flow wp-block-column-is-layout-flow\" style=\"flex-basis:25%\"><\/div>\n<\/div>\n","protected":false},"excerpt":{"rendered":"<p>artimiausi mokymai 2025 SPALIS\u2013LAPKRITIS Windows Server 2022 administravimas CompTIA Network+ MS PowerPoint: profesionalios prezentacijos k\u016brimas Daugiau mokym\u0173 apie mus NKKM kompiuteri\u0173 mokykla nuo 2001 m. prad\u0117jo si\u016blyti IT mokymus suaugusiems kompiuterio naudotojams ir IT specialistams. Visiems, norintiems pagilinti turimas IT \u017einias arba j\u0173 \u012fgyti, \u0161iandien si\u016blome daugiau nei 20 mokymo program\u0173 nuo MS Office pradmen\u0173 [&hellip;]<\/p>\n","protected":false},"author":1,"featured_media":0,"parent":0,"menu_order":0,"comment_status":"closed","ping_status":"closed","template":"","meta":{"footnotes":""},"class_list":["post-52","page","type-page","status-publish","hentry"],"aioseo_notices":[],"_links":{"self":[{"href":"https:\/\/kompiuteriu-kursai.lt\/index.php?rest_route=\/wp\/v2\/pages\/52","targetHints":{"allow":["GET"]}}],"collection":[{"href":"https:\/\/kompiuteriu-kursai.lt\/index.php?rest_route=\/wp\/v2\/pages"}],"about":[{"href":"https:\/\/kompiuteriu-kursai.lt\/index.php?rest_route=\/wp\/v2\/types\/page"}],"author":[{"embeddable":true,"href":"https:\/\/kompiuteriu-kursai.lt\/index.php?rest_route=\/wp\/v2\/users\/1"}],"replies":[{"embeddable":true,"href":"https:\/\/kompiuteriu-kursai.lt\/index.php?rest_route=%2Fwp%2Fv2%2Fcomments&post=52"}],"version-history":[{"count":251,"href":"https:\/\/kompiuteriu-kursai.lt\/index.php?rest_route=\/wp\/v2\/pages\/52\/revisions"}],"predecessor-version":[{"id":5065,"href":"https:\/\/kompiuteriu-kursai.lt\/index.php?rest_route=\/wp\/v2\/pages\/52\/revisions\/5065"}],"wp:attachment":[{"href":"https:\/\/kompiuteriu-kursai.lt\/index.php?rest_route=%2Fwp%2Fv2%2Fmedia&parent=52"}],"curies":[{"name":"wp","href":"https:\/\/api.w.org\/{rel}","templated":true}]}}