{"id":91,"date":"2022-08-19T22:34:15","date_gmt":"2022-08-19T22:34:15","guid":{"rendered":"https:\/\/kompiuteriu-kursai.lt\/?page_id=91"},"modified":"2023-05-12T21:44:07","modified_gmt":"2023-05-12T18:44:07","slug":"kiti-testai","status":"publish","type":"page","link":"https:\/\/kompiuteriu-kursai.lt\/?page_id=91","title":{"rendered":"kiti testai"},"content":{"rendered":"\n<p><\/p>\n\n\n\n<p>Pagal individual\u0173 poreik\u012f ruo\u0161iame specialias IT \u017eini\u0173 patikrinimo programas (<em>\u012f test\u0105 gali b\u016bti \u012ftraukiamas \u017eini\u0173, reikaling\u0173 konkre\u010dioje situacijoje ar darbo vietoje, patikrinimas<\/em>), atvykstame \u012f u\u017esakovo biur\u0105, \u012fvertiname testo rezultatus, pateikiame savo i\u0161vadas ir rekomendacijas.<br><br>Daugiau informacijos suteiksime tel. 8 605 59803 arba el. pa\u0161tu <a href=\"mailto:testavimai@nkkm.lt\">testavimai@nkkm.lt<\/a>.<\/p>\n\n\n\n<p><\/p>\n","protected":false},"excerpt":{"rendered":"<p>Pagal individual\u0173 poreik\u012f ruo\u0161iame specialias IT \u017eini\u0173 patikrinimo programas (\u012f test\u0105 gali b\u016bti \u012ftraukiamas \u017eini\u0173, reikaling\u0173 konkre\u010dioje situacijoje ar darbo vietoje, patikrinimas), atvykstame \u012f u\u017esakovo biur\u0105, \u012fvertiname testo rezultatus, pateikiame savo i\u0161vadas ir rekomendacijas. Daugiau informacijos suteiksime tel. 8 605 59803 arba el. pa\u0161tu testavimai@nkkm.lt.<\/p>\n","protected":false},"author":1,"featured_media":0,"parent":0,"menu_order":0,"comment_status":"closed","ping_status":"closed","template":"","meta":{"footnotes":""},"class_list":["post-91","page","type-page","status-publish","hentry"],"aioseo_notices":[],"_links":{"self":[{"href":"https:\/\/kompiuteriu-kursai.lt\/index.php?rest_route=\/wp\/v2\/pages\/91","targetHints":{"allow":["GET"]}}],"collection":[{"href":"https:\/\/kompiuteriu-kursai.lt\/index.php?rest_route=\/wp\/v2\/pages"}],"about":[{"href":"https:\/\/kompiuteriu-kursai.lt\/index.php?rest_route=\/wp\/v2\/types\/page"}],"author":[{"embeddable":true,"href":"https:\/\/kompiuteriu-kursai.lt\/index.php?rest_route=\/wp\/v2\/users\/1"}],"replies":[{"embeddable":true,"href":"https:\/\/kompiuteriu-kursai.lt\/index.php?rest_route=%2Fwp%2Fv2%2Fcomments&post=91"}],"version-history":[{"count":5,"href":"https:\/\/kompiuteriu-kursai.lt\/index.php?rest_route=\/wp\/v2\/pages\/91\/revisions"}],"predecessor-version":[{"id":2115,"href":"https:\/\/kompiuteriu-kursai.lt\/index.php?rest_route=\/wp\/v2\/pages\/91\/revisions\/2115"}],"wp:attachment":[{"href":"https:\/\/kompiuteriu-kursai.lt\/index.php?rest_route=%2Fwp%2Fv2%2Fmedia&parent=91"}],"curies":[{"name":"wp","href":"https:\/\/api.w.org\/{rel}","templated":true}]}}